{"id":40194,"date":"2023-06-28T08:31:53","date_gmt":"2023-06-28T08:31:53","guid":{"rendered":"https:\/\/nova.arturamon.com\/anticuario\/coleccion\/works-of-art\/escultura-2\/"},"modified":"2025-11-25T14:59:10","modified_gmt":"2025-11-25T13:59:10","slug":"escultura-2","status":"publish","type":"page","link":"https:\/\/arturamon.com\/es\/anticuario\/coleccion\/works-of-art\/escultura-2\/","title":{"rendered":"Escultura"},"content":{"rendered":"<script>var is_masonry=false;<\/script>        <div class=\" llistat coeli-list-group\">\n            <div class=\"coeli-list-results  coeli-list-agrupacions coeli-agrupacio-37635\"\n                 id=\"coeli-list-results-37635\" tabindex=\"0\">\n                <div class=\"coeli-result-list-container\">\n                    <ul class=\"coeli-result-list coeli-mode-list grid s6  \"\n                        id=\"coeli-ul-agrupacio-37635\">\n                        <li class=\"coeli-grid-sizer\" tabindex=\"-1\"><\/li>\n\t\t\t\t\t\t<li class=\"grid-item  coeli-heritageobject\" id=\"immaculada\"  data-href=\"\/coeli\/AR\/HeritageObject\/96e86773-d1db-4766-96fb-a9942a8c504d\" data-id=\"96e86773-d1db-4766-96fb-a9942a8c504d\" tabindex=\"0\"><a href=\"https:\/\/arturamon.com\/es\/obra\/immaculada\/\"><figure class=\"image portraitmedia-large\"><img decoding=\"async\" alt=\"Asunci\u00f3n\" src=\"https:\/\/d19e8r2uszbscg.cloudfront.net\/public\/HeritageObject\/96e86773-d1db-4766-96fb-a9942a8c504d\/c8ef678a352252b01ab65f3a47bc3153\/full\/large\/0\/default.jpg\"><\/figure><p class=\"coeli-generaldata-title\">Asunci\u00f3n<\/p><p class=\"coeli-generaldata-creationdate\">Segle XVII<\/p><\/a><\/li><li class=\"grid-item  coeli-heritageobject\" id=\"pantera-amb-els-seus-cadells\"  data-href=\"\/coeli\/AR\/HeritageObject\/553699\" data-id=\"553699\" tabindex=\"1\"><a href=\"https:\/\/arturamon.com\/es\/obra\/pantera-amb-els-seus-cadells\/\"><figure class=\"image portraitmedia-large\"><img decoding=\"async\" alt=\"Pantera con sus cachorros\" src=\"https:\/\/d19e8r2uszbscg.cloudfront.net\/public\/HeritageObject\/553699\/6d3f468835523cc1b4bd3a4c7f9c8c75\/full\/large\/0\/default.jpg\"><\/figure><p class=\"coeli-generaldata-authornameinlistings\">Francesco Antonio Franzoni<\/p><p class=\"coeli-generaldata-title\">Pantera con sus cachorros<\/p><\/a><\/li><li class=\"grid-item  coeli-heritageobject\" id=\"san-josep-amb-el-nen\"  data-href=\"\/coeli\/AR\/HeritageObject\/2d648e9b-ac65-400c-83c3-74cb57e8cf90\" data-id=\"2d648e9b-ac65-400c-83c3-74cb57e8cf90\" tabindex=\"2\"><a href=\"https:\/\/arturamon.com\/es\/obra\/san-josep-amb-el-nen\/\"><figure class=\"image portraitmedia-large\"><img decoding=\"async\" alt=\"San Jos\u00e9 con el Ni\u00f1o\" src=\"https:\/\/d19e8r2uszbscg.cloudfront.net\/public\/HeritageObject\/2d648e9b-ac65-400c-83c3-74cb57e8cf90\/ad7ac0f814c72adc187c85563b007477\/full\/large\/0\/default.jpg\"><\/figure><p class=\"coeli-generaldata-authornameinlistings\">Crist\u00f3bal Ramos<\/p><p class=\"coeli-generaldata-title\">San Jos\u00e9 con el Ni\u00f1o<\/p><p class=\"coeli-generaldata-creationdate\">Siglo XVIII<\/p><\/a><\/li><li class=\"grid-item  coeli-heritageobject\" id=\"menade\"  data-href=\"\/coeli\/AR\/HeritageObject\/537253\" data-id=\"537253\" tabindex=\"3\"><a href=\"https:\/\/arturamon.com\/es\/obra\/menade\/\"><figure class=\"image portraitmedia-large\"><img decoding=\"async\" alt=\"M\u00e9nade\" src=\"https:\/\/d19e8r2uszbscg.cloudfront.net\/public\/HeritageObject\/537253\/c09f1f801d277c2d014ab69037f0f7df\/full\/large\/0\/default.jpg\"><\/figure><p class=\"coeli-generaldata-authornameinlistings\">Escuela italiana<\/p><p class=\"coeli-generaldata-title\">M\u00e9nade<\/p><p class=\"coeli-generaldata-creationdate\">Final del segle XVIII &#8211; principi del XIX<\/p><\/a><\/li><li class=\"grid-item  coeli-heritageobject\" id=\"retrat-de-magali-filla-del-compositor-deodat-de-severac\"  data-href=\"\/coeli\/AR\/HeritageObject\/549594\" data-id=\"549594\" tabindex=\"4\"><a href=\"https:\/\/arturamon.com\/es\/obra\/retrat-de-magali-filla-del-compositor-deodat-de-severac\/\"><figure class=\"image portraitmedia-large\"><img decoding=\"async\" alt=\"Retrato de Magal\u00ed, hija del compositor D\u00e9odat de S\u00e9verac\" src=\"https:\/\/d19e8r2uszbscg.cloudfront.net\/public\/HeritageObject\/549594\/587e767a794838413565e62e15f16a52\/full\/large\/0\/default.jpg\"><\/figure><p class=\"coeli-generaldata-authornameinlistings\">Manolo Hugu\u00e9<\/p><p class=\"coeli-generaldata-title\">Retrato de Magal\u00ed, hija del compositor D\u00e9odat de S\u00e9verac<\/p><p class=\"coeli-generaldata-creationdate\">1922<\/p><\/a><\/li><li class=\"grid-item  coeli-heritageobject\" id=\"possible-retrat-de-la-senyora-charlestown\"  data-href=\"\/coeli\/AR\/HeritageObject\/543128\" data-id=\"543128\" tabindex=\"5\"><a href=\"https:\/\/arturamon.com\/es\/obra\/possible-retrat-de-la-senyora-charlestown\/\"><figure class=\"image portraitmedia-large\"><img decoding=\"async\" alt=\"Posible retrato de la se\u00f1ora Charlestown\" src=\"https:\/\/d19e8r2uszbscg.cloudfront.net\/public\/HeritageObject\/543128\/e246d398bc50b36df2be8be9a2ee221d\/full\/large\/0\/default.jpg\"><\/figure><p class=\"coeli-generaldata-authornameinlistings\">Manolo Hugu\u00e9<\/p><p class=\"coeli-generaldata-title\">Posible retrato de la se\u00f1ora Charlestown<\/p><p class=\"coeli-generaldata-creationdate\">1927<\/p><\/a><\/li><li class=\"grid-item  coeli-heritageobject\" id=\"retrat-de-josep-maragall\"  data-href=\"\/coeli\/AR\/HeritageObject\/543132\" data-id=\"543132\" tabindex=\"6\"><a href=\"https:\/\/arturamon.com\/es\/obra\/retrat-de-josep-maragall\/\"><figure class=\"image portraitmedia-large\"><img decoding=\"async\" alt=\"Retrato de Josep Maragall\" src=\"https:\/\/d19e8r2uszbscg.cloudfront.net\/public\/HeritageObject\/543132\/48d0fdf5028cd3eac104f1ba23519bb8\/full\/large\/0\/default.jpg\"><\/figure><p class=\"coeli-generaldata-authornameinlistings\">Manolo Hugu\u00e9<\/p><p class=\"coeli-generaldata-title\">Retrato de Josep Maragall<\/p><p class=\"coeli-generaldata-creationdate\">1924<\/p><\/a><\/li><li class=\"grid-item  coeli-heritageobject\" id=\"retrat-de-frank-burty-haviland\"  data-href=\"\/coeli\/AR\/HeritageObject\/543123\" data-id=\"543123\" tabindex=\"7\"><a href=\"https:\/\/arturamon.com\/es\/obra\/retrat-de-frank-burty-haviland\/\"><figure class=\"image portraitmedia-large\"><img decoding=\"async\" alt=\"Retrato de Frank Burty Haviland\" src=\"https:\/\/d19e8r2uszbscg.cloudfront.net\/public\/HeritageObject\/543123\/94c2056611abde57d38e2423f7dd829e\/full\/large\/0\/default.jpg\"><\/figure><p class=\"coeli-generaldata-authornameinlistings\">Manolo Hugu\u00e9<\/p><p class=\"coeli-generaldata-title\">Retrato de Frank Burty Haviland<\/p><p class=\"coeli-generaldata-creationdate\">Ceret, 1912<\/p><\/a><\/li><li class=\"grid-item  coeli-heritageobject\" id=\"retrat-de-pierre-saque\"  data-href=\"\/coeli\/AR\/HeritageObject\/543125\" data-id=\"543125\" tabindex=\"8\"><a href=\"https:\/\/arturamon.com\/es\/obra\/retrat-de-pierre-saque\/\"><figure class=\"image portraitmedia-large\"><img decoding=\"async\" alt=\"Retrato de Pierre Saque\" src=\"https:\/\/d19e8r2uszbscg.cloudfront.net\/public\/HeritageObject\/543125\/e5fa09128b6ec8dc0532a13023355a1e\/full\/large\/0\/default.jpg\"><\/figure><p class=\"coeli-generaldata-authornameinlistings\">Manolo Hugu\u00e9<\/p><p class=\"coeli-generaldata-title\">Retrato de Pierre Saque<\/p><\/a><\/li><li class=\"grid-item  coeli-heritageobject\" id=\"femme-assise\"  data-href=\"\/coeli\/AR\/HeritageObject\/553086\" data-id=\"553086\" tabindex=\"9\"><a href=\"https:\/\/arturamon.com\/es\/obra\/femme-assise\/\"><figure class=\"image portraitmedia-large\"><img decoding=\"async\" alt=\"Femme assise\" src=\"https:\/\/d19e8r2uszbscg.cloudfront.net\/public\/HeritageObject\/553086\/8551da800e26d28717c84a50423871ee\/full\/large\/0\/default.jpg\"><\/figure><p class=\"coeli-generaldata-authornameinlistings\">Manolo Hugu\u00e9<\/p><p class=\"coeli-generaldata-title\">Femme assise<\/p><p class=\"coeli-generaldata-creationdate\">1930<\/p><\/a><\/li><li class=\"grid-item  coeli-heritageobject\" id=\"les-edats-de-la-dona\"  data-href=\"\/coeli\/AR\/HeritageObject\/537314\" data-id=\"537314\" tabindex=\"10\"><a href=\"https:\/\/arturamon.com\/es\/obra\/les-edats-de-la-dona\/\"><figure class=\"image portraitmedia-large\"><img decoding=\"async\" alt=\"Las edades de la mujer\" src=\"https:\/\/d19e8r2uszbscg.cloudfront.net\/public\/HeritageObject\/537314\/db87b547611456a3703aefadcec08e2f\/full\/large\/0\/default.jpg\"><\/figure><p class=\"coeli-generaldata-authornameinlistings\">Eusebi Arnau<\/p><p class=\"coeli-generaldata-title\">Las edades de la mujer<\/p><\/a><\/li><li class=\"grid-item  coeli-heritageobject\" id=\"bust-femeni-8a43\"  data-href=\"\/coeli\/AR\/HeritageObject\/548495\" data-id=\"548495\" tabindex=\"11\"><a href=\"https:\/\/arturamon.com\/es\/obra\/bust-femeni-8a43\/\"><figure class=\"image portraitmedia-large\"><img decoding=\"async\" alt=\"Busto femenino\" src=\"https:\/\/d19e8r2uszbscg.cloudfront.net\/public\/HeritageObject\/548495\/ae3544943f74823269bfa70b4631a504\/full\/large\/0\/default.jpg\"><\/figure><p class=\"coeli-generaldata-authornameinlistings\">Enric Casanovas<\/p><p class=\"coeli-generaldata-title\">Busto femenino<\/p><p class=\"coeli-generaldata-creationdate\">c. 1930<\/p><\/a><\/li><li class=\"grid-item  coeli-heritageobject\" id=\"femme-assise-iii\"  data-href=\"\/coeli\/AR\/HeritageObject\/ef153733-ad74-41aa-97c7-ee1452bda119\" data-id=\"ef153733-ad74-41aa-97c7-ee1452bda119\" tabindex=\"12\"><a href=\"https:\/\/arturamon.com\/es\/obra\/femme-assise-iii\/\"><figure class=\"image portraitmedia-large\"><img decoding=\"async\" alt=\"Femme assise III\" src=\"https:\/\/d19e8r2uszbscg.cloudfront.net\/public\/HeritageObject\/ef153733-ad74-41aa-97c7-ee1452bda119\/1efdf19e7936d007cce25118df08c611\/full\/large\/0\/default.jpg\"><\/figure><p class=\"coeli-generaldata-authornameinlistings\">Julio Gonz\u00e1lez<\/p><p class=\"coeli-generaldata-title\">Femme assise III<\/p><p class=\"coeli-generaldata-creationdate\">1935 &#8211; 1936<\/p><\/a><\/li>                    <\/ul>\n                <\/div>\n            <\/div>\n        <\/div>\n\t\t","protected":false},"excerpt":{"rendered":"","protected":false},"author":10,"featured_media":40992,"parent":13286,"menu_order":1,"comment_status":"closed","ping_status":"closed","template":"","meta":{"_acf_changed":false,"footnotes":""},"class_list":["post-40194","page","type-page","status-publish","has-post-thumbnail","hentry"],"acf":[],"_links":{"self":[{"href":"https:\/\/arturamon.com\/es\/wp-json\/wp\/v2\/pages\/40194","targetHints":{"allow":["GET"]}}],"collection":[{"href":"https:\/\/arturamon.com\/es\/wp-json\/wp\/v2\/pages"}],"about":[{"href":"https:\/\/arturamon.com\/es\/wp-json\/wp\/v2\/types\/page"}],"author":[{"embeddable":true,"href":"https:\/\/arturamon.com\/es\/wp-json\/wp\/v2\/users\/10"}],"replies":[{"embeddable":true,"href":"https:\/\/arturamon.com\/es\/wp-json\/wp\/v2\/comments?post=40194"}],"version-history":[{"count":8,"href":"https:\/\/arturamon.com\/es\/wp-json\/wp\/v2\/pages\/40194\/revisions"}],"predecessor-version":[{"id":48301,"href":"https:\/\/arturamon.com\/es\/wp-json\/wp\/v2\/pages\/40194\/revisions\/48301"}],"up":[{"embeddable":true,"href":"https:\/\/arturamon.com\/es\/wp-json\/wp\/v2\/pages\/13286"}],"wp:featuredmedia":[{"embeddable":true,"href":"https:\/\/arturamon.com\/es\/wp-json\/wp\/v2\/media\/40992"}],"wp:attachment":[{"href":"https:\/\/arturamon.com\/es\/wp-json\/wp\/v2\/media?parent=40194"}],"curies":[{"name":"wp","href":"https:\/\/api.w.org\/{rel}","templated":true}]}}