{"id":24446,"date":"2018-10-18T12:49:42","date_gmt":"2018-10-18T10:49:42","guid":{"rendered":"https:\/\/nova.arturamon.com\/santilari\/"},"modified":"2024-08-02T11:21:23","modified_gmt":"2024-08-02T09:21:23","slug":"santilari","status":"publish","type":"page","link":"https:\/\/arturamon.com\/es\/galeria\/santilari\/","title":{"rendered":"Santilari"},"content":{"rendered":"\n<div class=\"wp-block-columns is-layout-flex wp-container-core-columns-is-layout-9d6595d7 wp-block-columns-is-layout-flex\">\n<div class=\"wp-block-column is-layout-flow wp-block-column-is-layout-flow\">\n<p>Josep Santilari y Pere Santilari, artistas representados en exclusiva por la galer\u00eda Artur Ramon Art, son un caso excepcional de gemelos que comparten la misma forma de dibujar y pintar. Sus obras en peque\u00f1o formato, realizadas con una t\u00e9cnica \u00fanica de habilidad y precisi\u00f3n extremas, a menudo se confunden con fotograf\u00edas. Durante los \u00faltimos treinta a\u00f1os su labor ha abordado temas diversos de la historia del arte, entre los que la naturaleza muerta, el desnudo femenino y la vanitas. Los Santilari actualizan estos temas cl\u00e1sicos insertando en sus obras comentarios sutiles y agudos sobre la contemporaneidad, y se imponen en la escena nacional e internacional como maestros del realismo.<\/p>\n<p><a href=\"https:\/\/arturamon.com\/wp-content\/uploads\/2021\/03\/2019-Ineffability-formato-mail.pdf\" target=\"_blank\" rel=\"noopener\">Ineffability_Cat\u00e1logo escrito por Timothy Standring<\/a><\/p>\n<\/div>\n<\/div>\n\n\n<div id=\"swiper-container-1\" class=\"swiper-container\"><ul class=\"child_page_row swiper-wrapper\"><li class=\"swiper-slide\" ><a href=\"https:\/\/arturamon.com\/es\/galeria\/santilari\/pintura\/\"><div class=\"child_page_thumb\"><img loading=\"lazy\" decoding=\"async\" width=\"2560\" height=\"1732\" src=\"https:\/\/arturamon.com\/wp-content\/uploads\/2023\/10\/R8A0368-copia-scaled.jpg\" class=\"attachment-post-thumbnail size-post-thumbnail wp-post-image\" alt=\"\" srcset=\"https:\/\/arturamon.com\/wp-content\/uploads\/2023\/10\/R8A0368-copia-scaled.jpg 2560w, https:\/\/arturamon.com\/wp-content\/uploads\/2023\/10\/R8A0368-copia-300x203.jpg 300w, https:\/\/arturamon.com\/wp-content\/uploads\/2023\/10\/R8A0368-copia-1024x693.jpg 1024w, https:\/\/arturamon.com\/wp-content\/uploads\/2023\/10\/R8A0368-copia-768x520.jpg 768w, https:\/\/arturamon.com\/wp-content\/uploads\/2023\/10\/R8A0368-copia-1600x1082.jpg 1600w, https:\/\/arturamon.com\/wp-content\/uploads\/2023\/10\/R8A0368-copia-1536x1039.jpg 1536w, https:\/\/arturamon.com\/wp-content\/uploads\/2023\/10\/R8A0368-copia-2048x1386.jpg 2048w\" sizes=\"auto, (max-width: 2560px) 100vw, 2560px\" \/><\/div><div class=\"child_page_name\">Pintura<\/div><\/a><\/li><li class=\"swiper-slide\" ><a href=\"https:\/\/arturamon.com\/es\/galeria\/santilari\/dibujo\/\"><div class=\"child_page_thumb\"><img loading=\"lazy\" decoding=\"async\" width=\"2560\" height=\"1707\" src=\"https:\/\/arturamon.com\/wp-content\/uploads\/2023\/10\/R8A0414-scaled.jpg\" class=\"attachment-post-thumbnail size-post-thumbnail wp-post-image\" alt=\"\" srcset=\"https:\/\/arturamon.com\/wp-content\/uploads\/2023\/10\/R8A0414-scaled.jpg 2560w, https:\/\/arturamon.com\/wp-content\/uploads\/2023\/10\/R8A0414-300x200.jpg 300w, https:\/\/arturamon.com\/wp-content\/uploads\/2023\/10\/R8A0414-1024x683.jpg 1024w, https:\/\/arturamon.com\/wp-content\/uploads\/2023\/10\/R8A0414-768x512.jpg 768w, https:\/\/arturamon.com\/wp-content\/uploads\/2023\/10\/R8A0414-1600x1067.jpg 1600w, https:\/\/arturamon.com\/wp-content\/uploads\/2023\/10\/R8A0414-1536x1024.jpg 1536w, https:\/\/arturamon.com\/wp-content\/uploads\/2023\/10\/R8A0414-2048x1365.jpg 2048w\" sizes=\"auto, (max-width: 2560px) 100vw, 2560px\" \/><\/div><div class=\"child_page_name\">Dibujo<\/div><\/a><\/li><\/ul><\/div>\n","protected":false},"excerpt":{"rendered":"<p>Josep Santilari y Pere Santilari, artistas representados en exclusiva por la galer\u00eda Artur Ramon Art, son un caso excepcional de gemelos que comparten la misma forma de dibujar y pintar. [&hellip;]<\/p>\n","protected":false},"author":1,"featured_media":41609,"parent":40117,"menu_order":3,"comment_status":"closed","ping_status":"closed","template":"page-autor.php","meta":{"_acf_changed":false,"footnotes":""},"class_list":["post-24446","page","type-page","status-publish","has-post-thumbnail","hentry"],"acf":[],"_links":{"self":[{"href":"https:\/\/arturamon.com\/es\/wp-json\/wp\/v2\/pages\/24446","targetHints":{"allow":["GET"]}}],"collection":[{"href":"https:\/\/arturamon.com\/es\/wp-json\/wp\/v2\/pages"}],"about":[{"href":"https:\/\/arturamon.com\/es\/wp-json\/wp\/v2\/types\/page"}],"author":[{"embeddable":true,"href":"https:\/\/arturamon.com\/es\/wp-json\/wp\/v2\/users\/1"}],"replies":[{"embeddable":true,"href":"https:\/\/arturamon.com\/es\/wp-json\/wp\/v2\/comments?post=24446"}],"version-history":[{"count":2,"href":"https:\/\/arturamon.com\/es\/wp-json\/wp\/v2\/pages\/24446\/revisions"}],"predecessor-version":[{"id":41547,"href":"https:\/\/arturamon.com\/es\/wp-json\/wp\/v2\/pages\/24446\/revisions\/41547"}],"up":[{"embeddable":true,"href":"https:\/\/arturamon.com\/es\/wp-json\/wp\/v2\/pages\/40117"}],"wp:featuredmedia":[{"embeddable":true,"href":"https:\/\/arturamon.com\/es\/wp-json\/wp\/v2\/media\/41609"}],"wp:attachment":[{"href":"https:\/\/arturamon.com\/es\/wp-json\/wp\/v2\/media?parent=24446"}],"curies":[{"name":"wp","href":"https:\/\/api.w.org\/{rel}","templated":true}]}}