{"id":24444,"date":"2018-10-18T12:56:26","date_gmt":"2018-10-18T10:56:26","guid":{"rendered":"https:\/\/nova.arturamon.com\/pintura-2\/"},"modified":"2024-09-06T13:50:04","modified_gmt":"2024-09-06T11:50:04","slug":"pintura","status":"publish","type":"page","link":"https:\/\/arturamon.com\/es\/galeria\/santilari\/pintura\/","title":{"rendered":"Pintura"},"content":{"rendered":"\n<div class=\"wp-block-columns is-layout-flex wp-container-core-columns-is-layout-9d6595d7 wp-block-columns-is-layout-flex\">\n<div class=\"wp-block-column is-layout-flow wp-block-column-is-layout-flow\">\n<p>Josep Santilari y Pere Santilari, artistas <strong>representados en exclusiva por la galer\u00eda Artur Ramon Art<\/strong>, son un caso excepcional de gemelos que comparten la misma manera de dibujar y pintar. Sus obras en peque\u00f1o formato, realizadas con <strong>una t\u00e9cnica \u00fanica de extrema habilidad y precisi\u00f3n<\/strong>, se confunden a menudo con fotograf\u00edas. Durante los \u00faltimos treinta a\u00f1os, su trabajo ha abordado varios temas de la historia del arte, entre ellos la naturaleza muerta, el desnudo femenino y la <em>vanitas.<\/em> Los Santilari actualizan estos temas cl\u00e1sicos insertando en sus obras sutiles y agudos comentarios sobre la contemporaneidad, y se imponen en la escena nacional e internacional como <strong>maestros del realismo<\/strong>.<\/p>\n<\/div>\n<\/div>\n\n\n<script>var is_masonry=false;<\/script>    <div class=\"coeli-search-keyword\">\n\t\t    <form class=\"coeli-search-form\" action=\"\" method=\"get\">\n        <input type=\"text\" class=\"coeli-search-input\" id=\"search\" name=\"text\"\n               placeholder=\"En el entorno\"\n               value=\"\">\n        <input type=\"submit\" class=\"coeli-search-button\" value=\"Buscar\">\n\n\t\t                    <input type=\"hidden\" name=\"q\" value=\"\/es\/wp-json\/wp\/v2\/pages\/24444\">\n\t\t\t\t<input type=\"hidden\" name=\"sortby\" value=\"\">    <\/form>\n\t\t\t\t    <\/div>\n\t    <div class=\"coeli-list-results coeli-llista-41174\" id=\"coeli-list-results\">\n\t\t        <header>\n            <div class=\"coeli-num-items\"><p>                      <span>28<\/span> resultados                <\/p><\/div>\n\t\t\t        <\/header>\n        <div class=\"coeli-result-list-container coeli-result-list-container-full\">\n\t\t\t            <div class=\"coeli-list-col\">\n                <div class=\"coeli-control-results\">\n                    <form action=\"\" method=\"get\" id=\"coeli-form-order\">\n                        <label for=\"sort-result\">Ordenar por:<\/label>\n\t\t\t\t\t\t <input type=\"hidden\" name=\"q\" value=\"\/es\/wp-json\/wp\/v2\/pages\/24444\">\n        <select name=\"sortby\" id=\"sort-result\" onchange=\"sendForm()\" class=\"\">\n            <option value=\"\" >Relevancia<\/option> <option  value=\"generalData.author\">Autor<\/option> <option  value=\"generalData.authorNameInListings\">authorNameInListings<\/option> <option  value=\"generalData.title\">T\u00edtulo<\/option> <option selected value=\"generalData.creationDate\">Fecha o per\u00edodo de creaci\u00f3n<\/option><\/select>\n        <select name=\"ordercoeli\" onchange=\"sendForm()\">\n            <option selected value=\"ASC\">Ascendente<\/option>\n            <option  value=\"DESC\">Descendente<\/option>\n        <\/select>                    <\/form>\n                    <button type=\"button\"\n                            class=\"coeli-result-change-display result-grid-display\">Lista<\/button>\n                    <script>function sendForm() {\n                            document.getElementById(\"coeli-form-order\").submit();\n                        }\n                    <\/script>\n\t\t\t\t\t                <\/div>\n                <div class=\"coeli-mode-visualization \">\n                    <div id=\"infinite\">\n                        <ul                                 class=\"coeli-result-list  grid \">\n                            <li class=\"coeli-grid-sizer\" tabindex=\"-1\"><\/li>\n\t\t\t\t\t\t\t<li class=\"grid-item  coeli-heritageobject\" id=\"la-ciutat-dibuixada\"  data-href=\"\/coeli\/AR\/HeritageObject\/546221\" data-id=\"546221\" tabindex=\"0\"><a href=\"https:\/\/arturamon.com\/es\/obra\/la-ciutat-dibuixada\/\"><figure class=\"image portraitmedia-large\"><img decoding=\"async\" alt=\"La ciudad dibujada\" src=\"https:\/\/d19e8r2uszbscg.cloudfront.net\/public\/HeritageObject\/546221\/92209f879d0426369f097d962ad15e60\/full\/large\/0\/default.jpg\"><\/figure><p class=\"coeli-generaldata-authornameinlistings\">Pere Santilari<\/p><p class=\"coeli-generaldata-title\">La ciudad dibujada<\/p><p class=\"coeli-generaldata-creationdate\">2003<\/p><\/a><\/li><li class=\"grid-item  coeli-heritageobject\" id=\"mati-al-maremagnum\"  data-href=\"\/coeli\/AR\/HeritageObject\/550888\" data-id=\"550888\" tabindex=\"1\"><a href=\"https:\/\/arturamon.com\/es\/obra\/mati-al-maremagnum\/\"><figure class=\"image portraitmedia-large\"><img decoding=\"async\" alt=\"Ma\u00f1ana en el Maremagnum\" src=\"https:\/\/d19e8r2uszbscg.cloudfront.net\/public\/HeritageObject\/550888\/27c8ddcb168d8c22d7ef28d5ed0ccfa9\/full\/large\/0\/default.jpg\"><\/figure><p class=\"coeli-generaldata-authornameinlistings\">Josep Santilari<\/p><p class=\"coeli-generaldata-title\">Ma\u00f1ana en el Maremagnum<\/p><p class=\"coeli-generaldata-creationdate\">2012<\/p><\/a><\/li><li class=\"grid-item  coeli-heritageobject\" id=\"hotel-vela\"  data-href=\"\/coeli\/AR\/HeritageObject\/550766\" data-id=\"550766\" tabindex=\"2\"><a href=\"https:\/\/arturamon.com\/es\/obra\/hotel-vela\/\"><figure class=\"image portraitmedia-large\"><img decoding=\"async\" alt=\"Hotel Vela\" src=\"https:\/\/d19e8r2uszbscg.cloudfront.net\/public\/HeritageObject\/550766\/f199b6f67fb41392900c4e09b9b88b90\/full\/large\/0\/default.jpg\"><\/figure><p class=\"coeli-generaldata-authornameinlistings\">Josep Santilari<\/p><p class=\"coeli-generaldata-title\">Hotel Vela<\/p><p class=\"coeli-generaldata-creationdate\">2012<\/p><\/a><\/li><li class=\"grid-item  coeli-heritageobject\" id=\"pecats-capitals-la-gula-vanitas-ostres-i-champagne\"  data-href=\"\/coeli\/AR\/HeritageObject\/552264\" data-id=\"552264\" tabindex=\"3\"><a href=\"https:\/\/arturamon.com\/es\/obra\/pecats-capitals-la-gula-vanitas-ostres-i-champagne\/\"><figure class=\"image portraitmedia-large\"><img decoding=\"async\" alt=\"Pecados capitales: la gula. Vanitas, ostras y champagne.\" src=\"https:\/\/d19e8r2uszbscg.cloudfront.net\/public\/HeritageObject\/552264\/7dc1aac385204f7d664398afa4aed046\/full\/large\/0\/default.jpg\"><\/figure><p class=\"coeli-generaldata-authornameinlistings\">Josep Santilari<\/p><p class=\"coeli-generaldata-title\">Pecados capitales: la gula. Vanitas, ostras y champagne.<\/p><p class=\"coeli-generaldata-creationdate\">2015<\/p><\/a><\/li><li class=\"grid-item  coeli-heritageobject\" id=\"pecats-capitals-lavaricia-01e4\"  data-href=\"\/coeli\/AR\/HeritageObject\/552527\" data-id=\"552527\" tabindex=\"4\"><a href=\"https:\/\/arturamon.com\/es\/obra\/pecats-capitals-lavaricia-01e4\/\"><figure class=\"image portraitmedia-large\"><img decoding=\"async\" alt=\"Pecados capitales: la avaricia\" src=\"https:\/\/d19e8r2uszbscg.cloudfront.net\/public\/HeritageObject\/552527\/b0a103b42f1454ff7d20da615c9d9f93\/full\/large\/0\/default.jpg\"><\/figure><p class=\"coeli-generaldata-authornameinlistings\">Josep Santilari<\/p><p class=\"coeli-generaldata-title\">Pecados capitales: la avaricia<\/p><p class=\"coeli-generaldata-creationdate\">2016<\/p><\/a><\/li><li class=\"grid-item  coeli-heritageobject\" id=\"vas-amb-flors-i\"  data-href=\"\/coeli\/AR\/HeritageObject\/553301\" data-id=\"553301\" tabindex=\"5\"><a href=\"https:\/\/arturamon.com\/es\/obra\/vas-amb-flors-i\/\"><figure class=\"image portraitmedia-large\"><img decoding=\"async\" alt=\"Vaso con flores I\" src=\"https:\/\/d19e8r2uszbscg.cloudfront.net\/public\/HeritageObject\/553301\/d1432b3f6d1198e8c76c065004cc9a28\/full\/large\/0\/default.jpg\"><\/figure><p class=\"coeli-generaldata-authornameinlistings\">Pere Santilari<\/p><p class=\"coeli-generaldata-title\">Vaso con flores I<\/p><p class=\"coeli-generaldata-creationdate\">2017 &#8211; 2018<\/p><\/a><\/li><li class=\"grid-item  coeli-heritageobject\" id=\"latreviment-de-la-joventut-ii\"  data-href=\"\/coeli\/AR\/HeritageObject\/7fc9120a-b047-4251-84d2-b007f160c7eb\" data-id=\"7fc9120a-b047-4251-84d2-b007f160c7eb\" tabindex=\"6\"><a href=\"https:\/\/arturamon.com\/es\/obra\/latreviment-de-la-joventut-ii\/\"><figure class=\"image portraitmedia-large\"><img decoding=\"async\" alt=\"El atrevimiento de la juventud II\" src=\"https:\/\/d19e8r2uszbscg.cloudfront.net\/public\/HeritageObject\/7fc9120a-b047-4251-84d2-b007f160c7eb\/1e2ae3a44efd5bd9a96b04fabfe77b23\/full\/large\/0\/default.jpg\"><\/figure><p class=\"coeli-generaldata-authornameinlistings\">Josep Santilari<\/p><p class=\"coeli-generaldata-title\">El atrevimiento de la juventud II<\/p><p class=\"coeli-generaldata-creationdate\">2019<\/p><\/a><\/li><li class=\"grid-item  coeli-heritageobject\" id=\"el-parentesi\"  data-href=\"\/coeli\/AR\/HeritageObject\/a31c9eba-1630-4a59-ad5f-9119a0de9310\" data-id=\"a31c9eba-1630-4a59-ad5f-9119a0de9310\" tabindex=\"7\"><a href=\"https:\/\/arturamon.com\/es\/obra\/el-parentesi\/\"><figure class=\"image portraitmedia-large\"><img decoding=\"async\" alt=\"El par\u00e9ntesis\" src=\"https:\/\/d19e8r2uszbscg.cloudfront.net\/public\/HeritageObject\/a31c9eba-1630-4a59-ad5f-9119a0de9310\/206e0067b19dc532b3d6d83012babb8b\/full\/large\/0\/default.jpg\"><\/figure><p class=\"coeli-generaldata-authornameinlistings\">Josep Santilari<\/p><p class=\"coeli-generaldata-title\">El par\u00e9ntesis<\/p><p class=\"coeli-generaldata-creationdate\">2020<\/p><\/a><\/li><li class=\"grid-item  coeli-heritageobject\" id=\"el-tema-fantin-latour\"  data-href=\"\/coeli\/AR\/HeritageObject\/7dc8e07c-e5d4-4733-9ba3-0e73fd88ee8b\" data-id=\"7dc8e07c-e5d4-4733-9ba3-0e73fd88ee8b\" tabindex=\"8\"><a href=\"https:\/\/arturamon.com\/es\/obra\/el-tema-fantin-latour\/\"><figure class=\"image portraitmedia-large\"><img decoding=\"async\" alt=\"El tema. Fantin-Latour\" src=\"https:\/\/d19e8r2uszbscg.cloudfront.net\/public\/HeritageObject\/7dc8e07c-e5d4-4733-9ba3-0e73fd88ee8b\/dd3ddd4b4876d52bd65ad67ed96c892b\/full\/large\/0\/default.jpg\"><\/figure><p class=\"coeli-generaldata-authornameinlistings\">Josep Santilari<\/p><p class=\"coeli-generaldata-title\">El tema. Fantin-Latour<\/p><p class=\"coeli-generaldata-creationdate\">2020<\/p><\/a><\/li><li class=\"grid-item  coeli-heritageobject\" id=\"noli-me-tangere\"  data-href=\"\/coeli\/AR\/HeritageObject\/0bcb2fbe-eb50-4095-95ba-b370a7720dfb\" data-id=\"0bcb2fbe-eb50-4095-95ba-b370a7720dfb\" tabindex=\"9\"><a href=\"https:\/\/arturamon.com\/es\/obra\/noli-me-tangere\/\"><figure class=\"image portraitmedia-large\"><img decoding=\"async\" alt=\"Noli me tangere\" src=\"https:\/\/d19e8r2uszbscg.cloudfront.net\/public\/HeritageObject\/0bcb2fbe-eb50-4095-95ba-b370a7720dfb\/a9bade89900294ade922d9d8d703a652\/full\/large\/0\/default.jpg\"><\/figure><p class=\"coeli-generaldata-authornameinlistings\">Josep Santilari<\/p><p class=\"coeli-generaldata-title\">Noli me tangere<\/p><p class=\"coeli-generaldata-creationdate\">2021 &#8211; 2022<\/p><\/a><\/li><li class=\"grid-item  coeli-heritageobject\" id=\"el-mati\"  data-href=\"\/coeli\/AR\/HeritageObject\/d55f3096-771f-4e3e-92d9-f02df9a6dd28\" data-id=\"d55f3096-771f-4e3e-92d9-f02df9a6dd28\" tabindex=\"10\"><a href=\"https:\/\/arturamon.com\/es\/obra\/el-mati\/\"><figure class=\"image portraitmedia-large\"><img decoding=\"async\" alt=\"La ma\u00f1ana\" src=\"https:\/\/d19e8r2uszbscg.cloudfront.net\/public\/HeritageObject\/d55f3096-771f-4e3e-92d9-f02df9a6dd28\/ff39f1a09027f20f460724c0855ccbf0\/full\/large\/0\/default.jpg\"><\/figure><p class=\"coeli-generaldata-authornameinlistings\">Josep Santilari<\/p><p class=\"coeli-generaldata-title\">La ma\u00f1ana<\/p><p class=\"coeli-generaldata-creationdate\">2021<\/p><\/a><\/li><li class=\"grid-item  coeli-heritageobject\" id=\"wunderkammer-el-paisatge\"  data-href=\"\/coeli\/AR\/HeritageObject\/1b226726-14f3-40e7-8a62-26ff043a5735\" data-id=\"1b226726-14f3-40e7-8a62-26ff043a5735\" tabindex=\"11\"><a href=\"https:\/\/arturamon.com\/es\/obra\/wunderkammer-el-paisatge\/\"><figure class=\"image portraitmedia-large\"><img decoding=\"async\" alt=\"Wunderkammer. El paisaje\" src=\"https:\/\/d19e8r2uszbscg.cloudfront.net\/public\/HeritageObject\/1b226726-14f3-40e7-8a62-26ff043a5735\/4c0a9233d594457622321cce55eb7105\/full\/large\/0\/default.jpg\"><\/figure><p class=\"coeli-generaldata-authornameinlistings\">Josep Santilari<\/p><p class=\"coeli-generaldata-title\">Wunderkammer. El paisaje<\/p><p class=\"coeli-generaldata-creationdate\">2021<\/p><\/a><\/li><li class=\"grid-item  coeli-heritageobject\" id=\"nu-ii\"  data-href=\"\/coeli\/AR\/HeritageObject\/8ab3ddb7-6cbb-4674-aa21-3194e3d87d82\" data-id=\"8ab3ddb7-6cbb-4674-aa21-3194e3d87d82\" tabindex=\"12\"><a href=\"https:\/\/arturamon.com\/es\/obra\/nu-ii\/\"><figure class=\"image portraitmedia-large\"><img decoding=\"async\" alt=\"Desnudo II\" src=\"https:\/\/d19e8r2uszbscg.cloudfront.net\/public\/HeritageObject\/8ab3ddb7-6cbb-4674-aa21-3194e3d87d82\/2eedd489196f38b938c8496d499ec949\/full\/large\/0\/default.jpg\"><\/figure><p class=\"coeli-generaldata-authornameinlistings\">Josep Santilari<\/p><p class=\"coeli-generaldata-title\">Desnudo II<\/p><p class=\"coeli-generaldata-creationdate\">2022<\/p><\/a><\/li><li class=\"grid-item  coeli-heritageobject\" id=\"nu\"  data-href=\"\/coeli\/AR\/HeritageObject\/4bfdd669-59ed-4e96-9b34-ab599e4db2e7\" data-id=\"4bfdd669-59ed-4e96-9b34-ab599e4db2e7\" tabindex=\"13\"><a href=\"https:\/\/arturamon.com\/es\/obra\/nu\/\"><figure class=\"image portraitmedia-large\"><img decoding=\"async\" alt=\"Desnudo\" src=\"https:\/\/d19e8r2uszbscg.cloudfront.net\/public\/HeritageObject\/4bfdd669-59ed-4e96-9b34-ab599e4db2e7\/457fd0bacd4088d9f39b4bf655bbabbc\/full\/large\/0\/default.jpg\"><\/figure><p class=\"coeli-generaldata-authornameinlistings\">Josep Santilari<\/p><p class=\"coeli-generaldata-title\">Desnudo<\/p><p class=\"coeli-generaldata-creationdate\">2022<\/p><\/a><\/li><li class=\"grid-item  coeli-heritageobject\" id=\"quatre-peres\"  data-href=\"\/coeli\/AR\/HeritageObject\/e91b35db-56c7-416c-bc68-f7f2128d60b0\" data-id=\"e91b35db-56c7-416c-bc68-f7f2128d60b0\" tabindex=\"14\"><a href=\"https:\/\/arturamon.com\/es\/obra\/quatre-peres\/\"><figure class=\"image portraitmedia-large\"><img decoding=\"async\" alt=\"Cuatro peras\" src=\"https:\/\/d19e8r2uszbscg.cloudfront.net\/public\/HeritageObject\/e91b35db-56c7-416c-bc68-f7f2128d60b0\/27af2407b2cc47348636ac2c447449ef\/full\/large\/0\/default.jpg\"><\/figure><p class=\"coeli-generaldata-authornameinlistings\">Josep Santilari<\/p><p class=\"coeli-generaldata-title\">Cuatro peras<\/p><p class=\"coeli-generaldata-creationdate\">2022<\/p><\/a><\/li><li class=\"grid-item  coeli-heritageobject\" id=\"natura-morta-amb-cireres-i-llimona\"  data-href=\"\/coeli\/AR\/HeritageObject\/a3c8a8e3-ab8d-451d-9de9-8c82ca5b066e\" data-id=\"a3c8a8e3-ab8d-451d-9de9-8c82ca5b066e\" tabindex=\"15\"><a href=\"https:\/\/arturamon.com\/es\/obra\/natura-morta-amb-cireres-i-llimona\/\"><figure class=\"image portraitmedia-large\"><img decoding=\"async\" alt=\"Naturaleza muerta con cerezas y lim\u00f3n\" src=\"https:\/\/d19e8r2uszbscg.cloudfront.net\/public\/HeritageObject\/a3c8a8e3-ab8d-451d-9de9-8c82ca5b066e\/2d8fb5aa8fb5a7f5451ea572e497549e\/full\/large\/0\/default.jpg\"><\/figure><p class=\"coeli-generaldata-authornameinlistings\">Josep Santilari<\/p><p class=\"coeli-generaldata-title\">Naturaleza muerta con cerezas y lim\u00f3n<\/p><p class=\"coeli-generaldata-creationdate\">2022 &#8211; 2023<\/p><\/a><\/li><li class=\"grid-item  coeli-heritageobject\" id=\"vanitas-la-desrao\"  data-href=\"\/coeli\/AR\/HeritageObject\/42d5b49e-fd64-42db-9b66-b09632f055bb\" data-id=\"42d5b49e-fd64-42db-9b66-b09632f055bb\" tabindex=\"16\"><a href=\"https:\/\/arturamon.com\/es\/obra\/vanitas-la-desrao\/\"><figure class=\"image portraitmedia-large\"><img decoding=\"async\" alt=\"Vanitas. La sinraz\u00f3n\" src=\"https:\/\/d19e8r2uszbscg.cloudfront.net\/public\/HeritageObject\/42d5b49e-fd64-42db-9b66-b09632f055bb\/392c1eec456b500b801b56796d62edd7\/full\/large\/0\/default.jpg\"><\/figure><p class=\"coeli-generaldata-authornameinlistings\">Josep Santilari<\/p><p class=\"coeli-generaldata-title\">Vanitas. La sinraz\u00f3n<\/p><p class=\"coeli-generaldata-creationdate\">2023<\/p><\/a><\/li><li class=\"grid-item  coeli-heritageobject\" id=\"dos-formatges-figai-fruits-secs\"  data-href=\"\/coeli\/AR\/HeritageObject\/567fbec1-65dc-4935-8f7f-35c028489b32\" data-id=\"567fbec1-65dc-4935-8f7f-35c028489b32\" tabindex=\"17\"><a href=\"https:\/\/arturamon.com\/es\/obra\/dos-formatges-figai-fruits-secs\/\"><figure class=\"image portraitmedia-large\"><img decoding=\"async\" alt=\"Dos quesos, higo y frutos secos\" src=\"https:\/\/d19e8r2uszbscg.cloudfront.net\/public\/HeritageObject\/567fbec1-65dc-4935-8f7f-35c028489b32\/687ac20a6af550a567626045e34f66c3\/full\/large\/0\/default.jpg\"><\/figure><p class=\"coeli-generaldata-authornameinlistings\">Josep Santilari<\/p><p class=\"coeli-generaldata-title\">Dos quesos, higo y frutos secos<\/p><p class=\"coeli-generaldata-creationdate\">2023<\/p><\/a><\/li><li class=\"grid-item  coeli-heritageobject\" id=\"formatge-melmelada-i-fruits-de-taronger\"  data-href=\"\/coeli\/AR\/HeritageObject\/09e3f818-c61d-4dfb-bc9b-2bcdf7d1808d\" data-id=\"09e3f818-c61d-4dfb-bc9b-2bcdf7d1808d\" tabindex=\"18\"><a href=\"https:\/\/arturamon.com\/es\/obra\/formatge-melmelada-i-fruits-de-taronger\/\"><figure class=\"image portraitmedia-large\"><img decoding=\"async\" alt=\"Queso, mermelada y frutos de naranjo\" src=\"https:\/\/d19e8r2uszbscg.cloudfront.net\/public\/HeritageObject\/09e3f818-c61d-4dfb-bc9b-2bcdf7d1808d\/79d3611354179171b88924c73ea11f9b\/full\/large\/0\/default.jpg\"><\/figure><p class=\"coeli-generaldata-authornameinlistings\">Josep Santilari<\/p><p class=\"coeli-generaldata-title\">Queso, mermelada y frutos de naranjo<\/p><p class=\"coeli-generaldata-creationdate\">2023<\/p><\/a><\/li><li class=\"grid-item  coeli-heritageobject\" id=\"natura-morta-amb-kugelhopf\"  data-href=\"\/coeli\/AR\/HeritageObject\/b85ea128-f152-4cb3-a5f5-f251e49982b0\" data-id=\"b85ea128-f152-4cb3-a5f5-f251e49982b0\" tabindex=\"19\"><a href=\"https:\/\/arturamon.com\/es\/obra\/natura-morta-amb-kugelhopf\/\"><figure class=\"image portraitmedia-large\"><img decoding=\"async\" alt=\"Naturaleza muerta con kugelhopf  \" src=\"https:\/\/d19e8r2uszbscg.cloudfront.net\/public\/HeritageObject\/b85ea128-f152-4cb3-a5f5-f251e49982b0\/6c11fe0e6e94e92c0027907feed6486e\/full\/large\/0\/default.jpg\"><\/figure><p class=\"coeli-generaldata-authornameinlistings\">Josep Santilari<\/p><p class=\"coeli-generaldata-title\">Naturaleza muerta con kugelhopf  <\/p><p class=\"coeli-generaldata-creationdate\">2023<\/p><\/a><\/li><li class=\"grid-item  coeli-heritageobject\" id=\"plat-de-cireres-iogurt-xocolata-i-nou\"  data-href=\"\/coeli\/AR\/HeritageObject\/f3d65732-97ca-4b0c-b1c4-1653e2ef4bad\" data-id=\"f3d65732-97ca-4b0c-b1c4-1653e2ef4bad\" tabindex=\"20\"><a href=\"https:\/\/arturamon.com\/es\/obra\/plat-de-cireres-iogurt-xocolata-i-nou\/\"><figure class=\"image portraitmedia-large\"><img decoding=\"async\" alt=\"Plato de cerezas, yogur, chocolate y nueces.\" src=\"https:\/\/d19e8r2uszbscg.cloudfront.net\/public\/HeritageObject\/f3d65732-97ca-4b0c-b1c4-1653e2ef4bad\/a12926cbd83297519642720e0627228e\/full\/large\/0\/default.jpg\"><\/figure><p class=\"coeli-generaldata-authornameinlistings\">Josep Santilari<\/p><p class=\"coeli-generaldata-title\">Plato de cerezas, yogur, chocolate y nueces.<\/p><p class=\"coeli-generaldata-creationdate\">2024<\/p><\/a><\/li><li class=\"grid-item  coeli-heritageobject\" id=\"naura-morta-amb-pa-figues-fruit-sec-i-astromelies\"  data-href=\"\/coeli\/AR\/HeritageObject\/93efe590-aa04-426c-941f-f159285e9228\" data-id=\"93efe590-aa04-426c-941f-f159285e9228\" tabindex=\"21\"><a href=\"https:\/\/arturamon.com\/es\/obra\/naura-morta-amb-pa-figues-fruit-sec-i-astromelies\/\"><figure class=\"image portraitmedia-large\"><img decoding=\"async\" alt=\"Naturaleza muerta con pan, higos, frutos secos y astromelias\" src=\"https:\/\/d19e8r2uszbscg.cloudfront.net\/public\/HeritageObject\/93efe590-aa04-426c-941f-f159285e9228\/a092d4fa9883cae10e30ab1b7171dc87\/full\/large\/0\/default.jpg\"><\/figure><p class=\"coeli-generaldata-authornameinlistings\">Josep Santilari<\/p><p class=\"coeli-generaldata-title\">Naturaleza muerta con pan, higos, frutos secos y astromelias<\/p><p class=\"coeli-generaldata-creationdate\">2024 &#8211; 2025<\/p><\/a><\/li><li class=\"grid-item  coeli-heritageobject\" id=\"copa-pera-i-daltres-fruites\"  data-href=\"\/coeli\/AR\/HeritageObject\/bb725821-c417-4a7e-9c54-3eb92269c0d8\" data-id=\"bb725821-c417-4a7e-9c54-3eb92269c0d8\" tabindex=\"22\"><a href=\"https:\/\/arturamon.com\/es\/obra\/copa-pera-i-daltres-fruites\/\"><figure class=\"image portraitmedia-large\"><img decoding=\"async\" alt=\"Copa, pera y otras frutas\" src=\"https:\/\/d19e8r2uszbscg.cloudfront.net\/public\/HeritageObject\/bb725821-c417-4a7e-9c54-3eb92269c0d8\/ed87d8aacbb00de390464fb75b92e114\/full\/large\/0\/default.jpg\"><\/figure><p class=\"coeli-generaldata-authornameinlistings\">Josep Santilari<\/p><p class=\"coeli-generaldata-title\">Copa, pera y otras frutas<\/p><p class=\"coeli-generaldata-creationdate\">2024<\/p><\/a><\/li><li class=\"grid-item  coeli-heritageobject\" id=\"natura-morta-amb-pa-i-estris-del-pintor-368f\"  data-href=\"\/coeli\/AR\/HeritageObject\/44d52b13-bb3f-4db8-b5db-ed13a38d5ccc\" data-id=\"44d52b13-bb3f-4db8-b5db-ed13a38d5ccc\" tabindex=\"23\"><a href=\"https:\/\/arturamon.com\/es\/obra\/natura-morta-amb-pa-i-estris-del-pintor-368f\/\"><figure class=\"image portraitmedia-large\"><img decoding=\"async\" alt=\"Siete piezas de fruta \" src=\"https:\/\/d19e8r2uszbscg.cloudfront.net\/public\/HeritageObject\/44d52b13-bb3f-4db8-b5db-ed13a38d5ccc\/6a9c0375f32c89ba2585c9d1b1abe16d\/full\/large\/0\/default.jpg\"><\/figure><p class=\"coeli-generaldata-authornameinlistings\">Josep Santilari<\/p><p class=\"coeli-generaldata-title\">Siete piezas de fruta <\/p><p class=\"coeli-generaldata-creationdate\">2024 &#8211; 2025<\/p><\/a><\/li><li class=\"grid-item  coeli-heritageobject\" id=\"wunderkammer-linard-\"  data-href=\"\/coeli\/AR\/HeritageObject\/704ffb7c-37c0-4afe-8517-c11cfe8de749\" data-id=\"704ffb7c-37c0-4afe-8517-c11cfe8de749\" tabindex=\"24\"><a href=\"https:\/\/arturamon.com\/es\/obra\/wunderkammer-linard-\/\"><figure class=\"image portraitmedia-large\"><img decoding=\"async\" alt=\"Wunderkammer: Linard\" src=\"https:\/\/d19e8r2uszbscg.cloudfront.net\/public\/HeritageObject\/704ffb7c-37c0-4afe-8517-c11cfe8de749\/7b67e86a890439f39355b8c18206b844\/full\/large\/0\/default.jpg\"><\/figure><p class=\"coeli-generaldata-authornameinlistings\">Josep Santilari<\/p><p class=\"coeli-generaldata-title\">Wunderkammer: Linard<\/p><p class=\"coeli-generaldata-creationdate\">2024<\/p><\/a><\/li><li class=\"grid-item  coeli-heritageobject\" id=\"el-pintor-de-natures-mortes\"  data-href=\"\/coeli\/AR\/HeritageObject\/7bf35313-8845-438e-bd19-aeb36f2d2ba5\" data-id=\"7bf35313-8845-438e-bd19-aeb36f2d2ba5\" tabindex=\"25\"><a href=\"https:\/\/arturamon.com\/es\/obra\/el-pintor-de-natures-mortes\/\"><figure class=\"image portraitmedia-large\"><img decoding=\"async\" alt=\"El pintor de naturalezas muertas\" src=\"https:\/\/d19e8r2uszbscg.cloudfront.net\/public\/HeritageObject\/7bf35313-8845-438e-bd19-aeb36f2d2ba5\/edb7889eafddd366930eb5ab34df72d9\/full\/large\/0\/default.jpg\"><\/figure><p class=\"coeli-generaldata-authornameinlistings\">Josep Santilari<\/p><p class=\"coeli-generaldata-title\">El pintor de naturalezas muertas<\/p><p class=\"coeli-generaldata-creationdate\">2024<\/p><\/a><\/li><li class=\"grid-item  coeli-heritageobject\" id=\"melo-raim-i-figues\"  data-href=\"\/coeli\/AR\/HeritageObject\/de70c098-b4ad-4356-923f-17c7a8548001\" data-id=\"de70c098-b4ad-4356-923f-17c7a8548001\" tabindex=\"26\"><a href=\"https:\/\/arturamon.com\/es\/obra\/melo-raim-i-figues\/\"><figure class=\"image portraitmedia-large\"><img decoding=\"async\" alt=\"Mel\u00f3n, uva y higos\" src=\"https:\/\/d19e8r2uszbscg.cloudfront.net\/public\/HeritageObject\/de70c098-b4ad-4356-923f-17c7a8548001\/0c575c4a984d1c72f1934540f9896d2d\/full\/large\/0\/default.jpg\"><\/figure><p class=\"coeli-generaldata-authornameinlistings\">Josep Santilari<\/p><p class=\"coeli-generaldata-title\">Mel\u00f3n, uva y higos<\/p><p class=\"coeli-generaldata-creationdate\">2024<\/p><\/a><\/li><li class=\"grid-item  coeli-heritageobject\" id=\"tassa-de-xocolata-galetes-i-melmelada\"  data-href=\"\/coeli\/AR\/HeritageObject\/de7c0be6-8203-4bbd-80e3-0eb6cea2a62c\" data-id=\"de7c0be6-8203-4bbd-80e3-0eb6cea2a62c\" tabindex=\"27\"><a href=\"https:\/\/arturamon.com\/es\/obra\/tassa-de-xocolata-galetes-i-melmelada\/\"><figure class=\"image portraitmedia-large\"><img decoding=\"async\" alt=\"Taza de chocolate, galletas y mermelada\" src=\"https:\/\/d19e8r2uszbscg.cloudfront.net\/public\/HeritageObject\/de7c0be6-8203-4bbd-80e3-0eb6cea2a62c\/d44b3d8f9599de370325154c722a6fce\/full\/large\/0\/default.jpg\"><\/figure><p class=\"coeli-generaldata-authornameinlistings\">Josep Santilari<\/p><p class=\"coeli-generaldata-title\">Taza de chocolate, galletas y mermelada<\/p><p class=\"coeli-generaldata-creationdate\">2025<\/p><\/a><\/li>                        <\/ul>\n                        <div class=\"colei-list-results-footer\">\n\t\t                                            <\/div>\n                    <\/div>\n\t                                <\/div>\n            <\/div>\n        <\/div>\n\n    <\/div>\n\t\n","protected":false},"excerpt":{"rendered":"<p>Josep Santilari y Pere Santilari, artistas representados en exclusiva por la galer\u00eda Artur Ramon Art, son un caso excepcional de gemelos que comparten la misma manera de dibujar y pintar. [&hellip;]<\/p>\n","protected":false},"author":1,"featured_media":41185,"parent":24446,"menu_order":0,"comment_status":"closed","ping_status":"closed","template":"","meta":{"_acf_changed":false,"footnotes":""},"class_list":["post-24444","page","type-page","status-publish","has-post-thumbnail","hentry"],"acf":[],"_links":{"self":[{"href":"https:\/\/arturamon.com\/es\/wp-json\/wp\/v2\/pages\/24444","targetHints":{"allow":["GET"]}}],"collection":[{"href":"https:\/\/arturamon.com\/es\/wp-json\/wp\/v2\/pages"}],"about":[{"href":"https:\/\/arturamon.com\/es\/wp-json\/wp\/v2\/types\/page"}],"author":[{"embeddable":true,"href":"https:\/\/arturamon.com\/es\/wp-json\/wp\/v2\/users\/1"}],"replies":[{"embeddable":true,"href":"https:\/\/arturamon.com\/es\/wp-json\/wp\/v2\/comments?post=24444"}],"version-history":[{"count":6,"href":"https:\/\/arturamon.com\/es\/wp-json\/wp\/v2\/pages\/24444\/revisions"}],"predecessor-version":[{"id":44663,"href":"https:\/\/arturamon.com\/es\/wp-json\/wp\/v2\/pages\/24444\/revisions\/44663"}],"up":[{"embeddable":true,"href":"https:\/\/arturamon.com\/es\/wp-json\/wp\/v2\/pages\/24446"}],"wp:featuredmedia":[{"embeddable":true,"href":"https:\/\/arturamon.com\/es\/wp-json\/wp\/v2\/media\/41185"}],"wp:attachment":[{"href":"https:\/\/arturamon.com\/es\/wp-json\/wp\/v2\/media?parent=24444"}],"curies":[{"name":"wp","href":"https:\/\/api.w.org\/{rel}","templated":true}]}}