{"id":17771,"date":"2017-05-16T16:37:35","date_gmt":"2017-05-16T14:37:35","guid":{"rendered":"https:\/\/nova.arturamon.com\/subirachs\/obra-grafica\/"},"modified":"2024-12-09T13:48:17","modified_gmt":"2024-12-09T12:48:17","slug":"obra-grafica","status":"publish","type":"page","link":"https:\/\/arturamon.com\/es\/galeria\/subirachs\/obra-grafica\/","title":{"rendered":"Dibujos"},"content":{"rendered":"\n<div class=\"wp-block-columns is-layout-flex wp-container-core-columns-is-layout-9d6595d7 wp-block-columns-is-layout-flex\">\n<div class=\"wp-block-column is-layout-flow wp-block-column-is-layout-flow\">\n<p>Artur Ramon Art conserva una notable colecci\u00f3n de <strong>obras gr\u00e1ficas de Josep Maria Subirachs<\/strong>. Conocido mayoritariamente por su faceta de escultor, fue un artista multidisciplinar que <strong>produjo mucho tambi\u00e9n en el campo del dibujo, de la pintura y de la obra gr\u00e1fica<\/strong>. Los temas y motivos de su iconograf\u00eda son recreados con t\u00e9cnicas diferentes. \u00abEl dibujo es el primer estado de toda obra pl\u00e1stica, pero tambi\u00e9n es, en s\u00ed mismo, un g\u00e9nero definitivo. <strong>En el dibujo es donde se ve con m\u00e1s pureza la intenci\u00f3n del creador<\/strong>\u00ab, dec\u00eda el artista. Tambi\u00e9n su producci\u00f3n de <strong>obras gr\u00e1ficas<\/strong> es muy abundante y constante a lo largo de toda la vida, sobre todo en las t\u00e9cnicas del <strong>aguafuerte y del la litograf\u00eda<\/strong> mientras opt\u00f3 por la <strong>pintura<\/strong> s\u00f3lo a partir de 2004.<\/p>\n<\/div>\n<\/div>\n\n\n<script>var is_masonry=false;<\/script>    <div class=\"coeli-search-keyword\">\n\t\t    <form class=\"coeli-search-form\" action=\"\" method=\"get\">\n        <input type=\"text\" class=\"coeli-search-input\" id=\"search\" name=\"text\"\n               placeholder=\"En el entorno\"\n               value=\"\">\n        <input type=\"submit\" class=\"coeli-search-button\" value=\"Buscar\">\n\n\t\t                    <input type=\"hidden\" name=\"q\" value=\"\/es\/wp-json\/wp\/v2\/pages\/17771\">\n\t\t\t\t<input type=\"hidden\" name=\"sortby\" value=\"\">    <\/form>\n\t\t\t\t    <\/div>\n\t    <div class=\"coeli-list-results coeli-llista-37895\" id=\"coeli-list-results\">\n\t\t        <header>\n            <div class=\"coeli-num-items\"><p>                      <span>20<\/span> resultados                <\/p><\/div>\n\t\t\t        <\/header>\n        <div class=\"coeli-result-list-container coeli-result-list-container-full\">\n\t\t\t            <div class=\"coeli-list-col\">\n                <div class=\"coeli-control-results\">\n                    <form action=\"\" method=\"get\" id=\"coeli-form-order\">\n                        <label for=\"sort-result\">Ordenar por:<\/label>\n\t\t\t\t\t\t <input type=\"hidden\" name=\"q\" value=\"\/es\/wp-json\/wp\/v2\/pages\/17771\">\n        <select name=\"sortby\" id=\"sort-result\" onchange=\"sendForm()\" class=\"\">\n            <option value=\"\" >Relevancia<\/option> <option  value=\"generalData.author\">Autor<\/option> <option  value=\"generalData.authorNameInListings\">authorNameInListings<\/option> <option  value=\"generalData.title\">T\u00edtulo<\/option> <option  value=\"generalData.creationDate\">Fecha o per\u00edodo de creaci\u00f3n<\/option><\/select>\n        <select name=\"ordercoeli\" onchange=\"sendForm()\">\n            <option  value=\"ASC\">Ascendente<\/option>\n            <option  value=\"DESC\">Descendente<\/option>\n        <\/select>                    <\/form>\n                    <button type=\"button\"\n                            class=\"coeli-result-change-display result-grid-display\">Lista<\/button>\n                    <script>function sendForm() {\n                            document.getElementById(\"coeli-form-order\").submit();\n                        }\n                    <\/script>\n\t\t\t\t\t                <\/div>\n                <div class=\"coeli-mode-visualization \">\n                    <div id=\"infinite\">\n                        <ul                                 class=\"coeli-result-list  grid \">\n                            <li class=\"coeli-grid-sizer\" tabindex=\"-1\"><\/li>\n\t\t\t\t\t\t\t<li class=\"grid-item  coeli-heritageobject\" id=\"grand-deuil-728\"  data-href=\"\/coeli\/AR\/HeritageObject\/547834\" data-id=\"547834\" tabindex=\"0\"><a href=\"https:\/\/arturamon.com\/es\/obra\/grand-deuil-728\/\"><figure class=\"image portraitmedia-large\"><img decoding=\"async\" alt=\"Grand Deuil\" src=\"https:\/\/d19e8r2uszbscg.cloudfront.net\/public\/HeritageObject\/547834\/34e083dd6c75545aa8d6b1836afc2fbc\/full\/large\/0\/default.jpg\"><\/figure><p class=\"coeli-generaldata-authornameinlistings\">Josep Maria Subirachs<\/p><p class=\"coeli-generaldata-title\">Grand Deuil<\/p><p class=\"coeli-generaldata-creationdate\">1950<\/p><\/a><\/li><li class=\"grid-item  coeli-heritageobject\" id=\"el-prisme-1221\"  data-href=\"\/coeli\/AR\/HeritageObject\/547863\" data-id=\"547863\" tabindex=\"1\"><a href=\"https:\/\/arturamon.com\/es\/obra\/el-prisme-1221\/\"><figure class=\"image portraitmedia-large\"><img decoding=\"async\" alt=\"El Prisma\" src=\"https:\/\/d19e8r2uszbscg.cloudfront.net\/public\/HeritageObject\/547863\/38e0f37c5bd4364900105bda5a956f96\/full\/large\/0\/default.jpg\"><\/figure><p class=\"coeli-generaldata-authornameinlistings\">Josep Maria Subirachs<\/p><p class=\"coeli-generaldata-title\">El Prisma<\/p><p class=\"coeli-generaldata-creationdate\">1990<\/p><\/a><\/li><li class=\"grid-item  coeli-heritageobject\" id=\"projecte-del-monument--1242\"  data-href=\"\/coeli\/AR\/HeritageObject\/547872\" data-id=\"547872\" tabindex=\"2\"><a href=\"https:\/\/arturamon.com\/es\/obra\/projecte-del-monument--1242\/\"><figure class=\"image portraitmedia-large\"><img decoding=\"async\" alt=\"Proyecto del monumento\" src=\"https:\/\/d19e8r2uszbscg.cloudfront.net\/public\/HeritageObject\/547872\/6f6d0734713a7bd6b449b6bee86f0b03\/full\/large\/0\/default.jpg\"><\/figure><p class=\"coeli-generaldata-authornameinlistings\">Josep Maria Subirachs<\/p><p class=\"coeli-generaldata-title\">Proyecto del monumento<\/p><p class=\"coeli-generaldata-creationdate\">1991<\/p><\/a><\/li><li class=\"grid-item  coeli-heritageobject\" id=\"leclipsi-1254\"  data-href=\"\/coeli\/AR\/HeritageObject\/547878\" data-id=\"547878\" tabindex=\"3\"><a href=\"https:\/\/arturamon.com\/es\/obra\/leclipsi-1254\/\"><figure class=\"image portraitmedia-large\"><img decoding=\"async\" alt=\"El eclipse\" src=\"https:\/\/d19e8r2uszbscg.cloudfront.net\/public\/HeritageObject\/547878\/476114c5e98ff3e71fc1bdff1abda175\/full\/large\/0\/default.jpg\"><\/figure><p class=\"coeli-generaldata-authornameinlistings\">Josep Maria Subirachs<\/p><p class=\"coeli-generaldata-title\">El eclipse<\/p><p class=\"coeli-generaldata-creationdate\">1991<\/p><\/a><\/li><li class=\"grid-item  coeli-heritageobject\" id=\"la-cadira\"  data-href=\"\/coeli\/AR\/HeritageObject\/551779\" data-id=\"551779\" tabindex=\"4\"><a href=\"https:\/\/arturamon.com\/es\/obra\/la-cadira\/\"><figure class=\"image portraitmedia-large\"><img decoding=\"async\" alt=\"La silla\" src=\"https:\/\/d19e8r2uszbscg.cloudfront.net\/public\/HeritageObject\/551779\/43c1f496b9e97ce216df2d5575ae0d3a\/full\/large\/0\/default.jpg\"><\/figure><p class=\"coeli-generaldata-authornameinlistings\">Josep Maria Subirachs<\/p><p class=\"coeli-generaldata-title\">La silla<\/p><p class=\"coeli-generaldata-creationdate\">1954<\/p><\/a><\/li><li class=\"grid-item  coeli-heritageobject\" id=\"hermes-1256\"  data-href=\"\/coeli\/AR\/HeritageObject\/547880\" data-id=\"547880\" tabindex=\"5\"><a href=\"https:\/\/arturamon.com\/es\/obra\/hermes-1256\/\"><figure class=\"image portraitmedia-large\"><img decoding=\"async\" alt=\"Hermes\" src=\"https:\/\/d19e8r2uszbscg.cloudfront.net\/public\/HeritageObject\/547880\/abe1e0e57234c4ae9221e3b71905bfb5\/full\/large\/0\/default.jpg\"><\/figure><p class=\"coeli-generaldata-authornameinlistings\">Josep Maria Subirachs<\/p><p class=\"coeli-generaldata-title\">Hermes<\/p><p class=\"coeli-generaldata-creationdate\">1991<\/p><\/a><\/li><li class=\"grid-item  coeli-heritageobject\" id=\"sense-titol-86b7\"  data-href=\"\/coeli\/AR\/HeritageObject\/e000a76e-6715-467d-8cf8-5c4c5418cfd9\" data-id=\"e000a76e-6715-467d-8cf8-5c4c5418cfd9\" tabindex=\"6\"><a href=\"https:\/\/arturamon.com\/es\/obra\/sense-titol-86b7\/\"><figure class=\"image portraitmedia-large\"><img decoding=\"async\" alt=\"Felip II\" src=\"https:\/\/d19e8r2uszbscg.cloudfront.net\/public\/HeritageObject\/e000a76e-6715-467d-8cf8-5c4c5418cfd9\/fcc96d39b5e6208feaa2e384382511fb\/full\/large\/0\/default.jpg\"><\/figure><p class=\"coeli-generaldata-authornameinlistings\">Josep Maria Subirachs<\/p><p class=\"coeli-generaldata-title\">Felip II<\/p><p class=\"coeli-generaldata-creationdate\">1956<\/p><\/a><\/li><li class=\"grid-item  coeli-heritageobject\" id=\"prespectiva--1216\"  data-href=\"\/coeli\/AR\/HeritageObject\/547858\" data-id=\"547858\" tabindex=\"7\"><a href=\"https:\/\/arturamon.com\/es\/obra\/prespectiva--1216\/\"><figure class=\"image portraitmedia-large\"><img decoding=\"async\" alt=\"Perspectiva (1.216)\" src=\"https:\/\/d19e8r2uszbscg.cloudfront.net\/public\/HeritageObject\/547858\/50c0e1fe141b8c987b041c8e84eff4e9\/full\/large\/0\/default.jpg\"><\/figure><p class=\"coeli-generaldata-authornameinlistings\">Josep Maria Subirachs<\/p><p class=\"coeli-generaldata-title\">Perspectiva (1.216)<\/p><p class=\"coeli-generaldata-creationdate\">1990<\/p><\/a><\/li><li class=\"grid-item  coeli-heritageobject\" id=\"punt-dencontre-1182\"  data-href=\"\/coeli\/AR\/HeritageObject\/547846\" data-id=\"547846\" tabindex=\"8\"><a href=\"https:\/\/arturamon.com\/es\/obra\/punt-dencontre-1182\/\"><figure class=\"image portraitmedia-large\"><img decoding=\"async\" alt=\"Punt d\\'encontre\" src=\"https:\/\/d19e8r2uszbscg.cloudfront.net\/public\/HeritageObject\/547846\/30ed94b4924774bbc86ca2921d87fa17\/full\/large\/0\/default.jpg\"><\/figure><p class=\"coeli-generaldata-authornameinlistings\">Josep Maria Subirachs<\/p><p class=\"coeli-generaldata-title\">Punt d&#8217;encontre<\/p><p class=\"coeli-generaldata-creationdate\">1989<\/p><\/a><\/li><li class=\"grid-item  coeli-heritageobject\" id=\"ponent-1393\"  data-href=\"\/coeli\/AR\/HeritageObject\/547904\" data-id=\"547904\" tabindex=\"9\"><a href=\"https:\/\/arturamon.com\/es\/obra\/ponent-1393\/\"><figure class=\"image portraitmedia-large\"><img decoding=\"async\" alt=\"Ponent\" src=\"https:\/\/d19e8r2uszbscg.cloudfront.net\/public\/HeritageObject\/547904\/de94e07290e699230a766c63db9f454e\/full\/large\/0\/default.jpg\"><\/figure><p class=\"coeli-generaldata-authornameinlistings\">Josep Maria Subirachs<\/p><p class=\"coeli-generaldata-title\">Ponent<\/p><p class=\"coeli-generaldata-creationdate\">1962<\/p><\/a><\/li><li class=\"grid-item  coeli-heritageobject\" id=\"composicio-tensiones\"  data-href=\"\/coeli\/AR\/HeritageObject\/553556\" data-id=\"553556\" tabindex=\"10\"><a href=\"https:\/\/arturamon.com\/es\/obra\/composicio-tensiones\/\"><figure class=\"image portraitmedia-large\"><img decoding=\"async\" alt=\"Falques\" src=\"https:\/\/d19e8r2uszbscg.cloudfront.net\/public\/HeritageObject\/553556\/9013c15facce1264ef0f65354a373c0c\/full\/large\/0\/default.jpg\"><\/figure><p class=\"coeli-generaldata-authornameinlistings\">Josep Maria Subirachs<\/p><p class=\"coeli-generaldata-title\">Falques<\/p><p class=\"coeli-generaldata-creationdate\">1962<\/p><\/a><\/li><li class=\"grid-item  coeli-heritageobject\" id=\"dona-davant-del-mar-1356\"  data-href=\"\/coeli\/AR\/HeritageObject\/547895\" data-id=\"547895\" tabindex=\"11\"><a href=\"https:\/\/arturamon.com\/es\/obra\/dona-davant-del-mar-1356\/\"><figure class=\"image portraitmedia-large\"><img decoding=\"async\" alt=\"Dona mirant l\\'horitz\u00f3\" src=\"https:\/\/d19e8r2uszbscg.cloudfront.net\/public\/HeritageObject\/547895\/5db8a3e4a1cdfa826aca8ce9480b197a\/full\/large\/0\/default.jpg\"><\/figure><p class=\"coeli-generaldata-authornameinlistings\">Josep Maria Subirachs<\/p><p class=\"coeli-generaldata-title\">Dona mirant l&#8217;horitz\u00f3<\/p><p class=\"coeli-generaldata-creationdate\">1953<\/p><\/a><\/li><li class=\"grid-item  coeli-heritageobject\" id=\"sense-titol-6fff\"  data-href=\"\/coeli\/AR\/HeritageObject\/551913\" data-id=\"551913\" tabindex=\"12\"><a href=\"https:\/\/arturamon.com\/es\/obra\/sense-titol-6fff\/\"><figure class=\"image portraitmedia-large\"><img decoding=\"async\" alt=\"Dona asseguda\" src=\"https:\/\/d19e8r2uszbscg.cloudfront.net\/public\/HeritageObject\/551913\/776ca892c83f0d8b2a804c7bcab1fed6\/full\/large\/0\/default.jpg\"><\/figure><p class=\"coeli-generaldata-authornameinlistings\">Josep Maria Subirachs<\/p><p class=\"coeli-generaldata-title\">Dona asseguda<\/p><p class=\"coeli-generaldata-creationdate\">1953<\/p><\/a><\/li><li class=\"grid-item  coeli-heritageobject\" id=\"job-icar-1235\"  data-href=\"\/coeli\/AR\/HeritageObject\/547869\" data-id=\"547869\" tabindex=\"13\"><a href=\"https:\/\/arturamon.com\/es\/obra\/job-icar-1235\/\"><figure class=\"image portraitmedia-large\"><img decoding=\"async\" alt=\"Job\" src=\"https:\/\/d19e8r2uszbscg.cloudfront.net\/public\/HeritageObject\/547869\/4fec0ecc2b3f4cbb2f66fc155a755f82\/full\/large\/0\/default.jpg\"><\/figure><p class=\"coeli-generaldata-authornameinlistings\">Josep Maria Subirachs<\/p><p class=\"coeli-generaldata-title\">Job<\/p><p class=\"coeli-generaldata-creationdate\">1956<\/p><\/a><\/li><li class=\"grid-item  coeli-heritageobject\" id=\"maniqui-idol-1133\"  data-href=\"\/coeli\/AR\/HeritageObject\/547841\" data-id=\"547841\" tabindex=\"14\"><a href=\"https:\/\/arturamon.com\/es\/obra\/maniqui-idol-1133\/\"><figure class=\"image portraitmedia-large\"><img decoding=\"async\" alt=\"Esboozo de Maniqu\u00ed-\u00cddol\" src=\"https:\/\/d19e8r2uszbscg.cloudfront.net\/public\/HeritageObject\/547841\/8d1c5c3c086a67bd5d9a8ab38c93fd0b\/full\/large\/0\/default.jpg\"><\/figure><p class=\"coeli-generaldata-authornameinlistings\">Josep Maria Subirachs<\/p><p class=\"coeli-generaldata-title\">Esboozo de Maniqu\u00ed-\u00cddol<\/p><p class=\"coeli-generaldata-creationdate\">1953<\/p><\/a><\/li><li class=\"grid-item  coeli-heritageobject\" id=\"dona-1402\"  data-href=\"\/coeli\/AR\/HeritageObject\/547908\" data-id=\"547908\" tabindex=\"15\"><a href=\"https:\/\/arturamon.com\/es\/obra\/dona-1402\/\"><figure class=\"image portraitmedia-large\"><img decoding=\"async\" alt=\"Mujer\" src=\"https:\/\/d19e8r2uszbscg.cloudfront.net\/public\/HeritageObject\/547908\/6032982a2f16a662876736e61f2156e8\/full\/large\/0\/default.jpg\"><\/figure><p class=\"coeli-generaldata-authornameinlistings\">Josep Maria Subirachs<\/p><p class=\"coeli-generaldata-title\">Mujer<\/p><p class=\"coeli-generaldata-creationdate\">1974<\/p><\/a><\/li><li class=\"grid-item  coeli-heritageobject\" id=\"yacent-1191\"  data-href=\"\/coeli\/AR\/HeritageObject\/547851\" data-id=\"547851\" tabindex=\"16\"><a href=\"https:\/\/arturamon.com\/es\/obra\/yacent-1191\/\"><figure class=\"image portraitmedia-large\"><img decoding=\"async\" alt=\"Yacent\" src=\"https:\/\/d19e8r2uszbscg.cloudfront.net\/public\/HeritageObject\/547851\/edd2839703be913f4c0b9e35da6198c9\/full\/large\/0\/default.jpg\"><\/figure><p class=\"coeli-generaldata-authornameinlistings\">Josep Maria Subirachs<\/p><p class=\"coeli-generaldata-title\">Yacent<\/p><p class=\"coeli-generaldata-creationdate\">1989<\/p><\/a><\/li><li class=\"grid-item  coeli-heritageobject\" id=\"sirena-603\"  data-href=\"\/coeli\/AR\/HeritageObject\/547830\" data-id=\"547830\" tabindex=\"17\"><a href=\"https:\/\/arturamon.com\/es\/obra\/sirena-603\/\"><figure class=\"image portraitmedia-large\"><img decoding=\"async\" alt=\"Sirena\" src=\"https:\/\/d19e8r2uszbscg.cloudfront.net\/public\/HeritageObject\/547830\/3ab4a66ea09676b55e26d0c181fee9e1\/full\/large\/0\/default.jpg\"><\/figure><p class=\"coeli-generaldata-authornameinlistings\">Josep Maria Subirachs<\/p><p class=\"coeli-generaldata-title\">Sirena<\/p><p class=\"coeli-generaldata-creationdate\">1957<\/p><\/a><\/li><li class=\"grid-item  coeli-heritageobject\" id=\"mexic-xf-1968---monument-a-les-olimpiades\"  data-href=\"\/coeli\/AR\/HeritageObject\/551780\" data-id=\"551780\" tabindex=\"18\"><a href=\"https:\/\/arturamon.com\/es\/obra\/mexic-xf-1968---monument-a-les-olimpiades\/\"><figure class=\"image portraitmedia-large\"><img decoding=\"async\" alt=\"M\u00e9xico\" src=\"https:\/\/d19e8r2uszbscg.cloudfront.net\/public\/HeritageObject\/551780\/4e9a84c6a285d3d19b7126d5f2003fbf\/full\/large\/0\/default.jpg\"><\/figure><p class=\"coeli-generaldata-authornameinlistings\">Josep Maria Subirachs<\/p><p class=\"coeli-generaldata-title\">M\u00e9xico<\/p><p class=\"coeli-generaldata-creationdate\">1968<\/p><\/a><\/li><li class=\"grid-item  coeli-heritageobject\" id=\"st-1355\"  data-href=\"\/coeli\/AR\/HeritageObject\/547894\" data-id=\"547894\" tabindex=\"19\"><a href=\"https:\/\/arturamon.com\/es\/obra\/st-1355\/\"><figure class=\"image portraitmedia-large\"><img decoding=\"async\" alt=\"Falca\" src=\"https:\/\/d19e8r2uszbscg.cloudfront.net\/public\/HeritageObject\/547894\/00e0985d46d719ed274a4bbc995c1752\/full\/large\/0\/default.jpg\"><\/figure><p class=\"coeli-generaldata-authornameinlistings\">Josep Maria Subirachs<\/p><p class=\"coeli-generaldata-title\">Falca<\/p><p class=\"coeli-generaldata-creationdate\">1996<\/p><\/a><\/li>                        <\/ul>\n                        <div class=\"colei-list-results-footer\">\n\t\t                                            <\/div>\n                    <\/div>\n\t                                <\/div>\n            <\/div>\n        <\/div>\n\n    <\/div>\n\t\n","protected":false},"excerpt":{"rendered":"<p>Artur Ramon Art conserva una notable colecci\u00f3n de obras gr\u00e1ficas de Josep Maria Subirachs. Conocido mayoritariamente por su faceta de escultor, fue un artista multidisciplinar que produjo mucho tambi\u00e9n en [&hellip;]<\/p>\n","protected":false},"author":1,"featured_media":0,"parent":13288,"menu_order":1,"comment_status":"closed","ping_status":"closed","template":"","meta":{"_acf_changed":false,"footnotes":""},"class_list":["post-17771","page","type-page","status-publish","hentry"],"acf":[],"_links":{"self":[{"href":"https:\/\/arturamon.com\/es\/wp-json\/wp\/v2\/pages\/17771","targetHints":{"allow":["GET"]}}],"collection":[{"href":"https:\/\/arturamon.com\/es\/wp-json\/wp\/v2\/pages"}],"about":[{"href":"https:\/\/arturamon.com\/es\/wp-json\/wp\/v2\/types\/page"}],"author":[{"embeddable":true,"href":"https:\/\/arturamon.com\/es\/wp-json\/wp\/v2\/users\/1"}],"replies":[{"embeddable":true,"href":"https:\/\/arturamon.com\/es\/wp-json\/wp\/v2\/comments?post=17771"}],"version-history":[{"count":4,"href":"https:\/\/arturamon.com\/es\/wp-json\/wp\/v2\/pages\/17771\/revisions"}],"predecessor-version":[{"id":44819,"href":"https:\/\/arturamon.com\/es\/wp-json\/wp\/v2\/pages\/17771\/revisions\/44819"}],"up":[{"embeddable":true,"href":"https:\/\/arturamon.com\/es\/wp-json\/wp\/v2\/pages\/13288"}],"wp:attachment":[{"href":"https:\/\/arturamon.com\/es\/wp-json\/wp\/v2\/media?parent=17771"}],"curies":[{"name":"wp","href":"https:\/\/api.w.org\/{rel}","templated":true}]}}