{"id":13315,"date":"2017-01-30T10:50:32","date_gmt":"2017-01-30T09:50:32","guid":{"rendered":"https:\/\/nova.arturamon.com\/consulting\/"},"modified":"2024-08-02T11:39:30","modified_gmt":"2024-08-02T09:39:30","slug":"tasadores-arte","status":"publish","type":"page","link":"https:\/\/arturamon.com\/es\/quienes-somos\/tasadores-arte\/","title":{"rendered":"Consulting"},"content":{"rendered":"\n<div class=\"wp-block-columns is-layout-flex wp-container-core-columns-is-layout-9d6595d7 wp-block-columns-is-layout-flex\">\n<div class=\"wp-block-column is-layout-flow wp-block-column-is-layout-flow\">\n<p><strong>Artur Ramon Art ofrece un servicio de tasaciones y valoraciones de obras de arte<\/strong>. El proceso comienza a trav\u00e9s de fotograf\u00edas para verificar que la obra encaje en nuestra l\u00ednea. En caso que no, se sugerir\u00e1 a un profesional alternativo que se haga cargo.<\/p>\n\n\n\n<p>Se realizar\u00e1n <strong>tasaciones con los valores reales de mercado<\/strong> despu\u00e9s de una inspecci\u00f3n en directo de las obras. Los honorarios se fijar\u00e1n en funci\u00f3n del volumen de trabajo que represente el peritaje, nunca como porcentaje del valor global de la colecci\u00f3n, m\u00e9todo que no permite fijar objetivamente el precio.<\/p>\n\n\n\n<p><strong>Artur Ramon Navarro<\/strong>, especializado en dibujo y pintura antigua y moderna, se ocupa en particular de las ferias internacionales. Su formaci\u00f3n y profunda intuici\u00f3n le permiten estudiar obras de arte realizando atribuciones y recuperando la identidad de obras perdidas. Puedes enviar tu consulta a: arturjr@arturamon.com<\/p>\n\n\n\n<p><strong>M\u00f2nica Ramon Navarro<\/strong>, experta en arte contempor\u00e1neo, es el esp\u00edritu m\u00e1s cercano a la gente. Con su \u00e1nimo comercial, se ocupa del \u201cEspacio de arte\u201d, donde se realizan exposiciones temporales. Si deseas proponer tu obra como artista, contacta con: monicaramon@arturamon.com<\/p>\n\n\n\n<p><strong>Artur Ramon Picas<\/strong>, mentor y alma de la galer\u00eda, tiene un profundo conocimiento en alta \u00e9poca y pintura catalana. A trav\u00e9s de su experiencia y visi\u00f3n del arte, conduce y supervisa a los proyectos de la galer\u00eda.<\/p>\n<\/div>\n<\/div>\n\n\n\n<figure class=\"wp-block-image size-large\"><a href=\"https:\/\/arturamon.com\/wp-content\/uploads\/2023\/10\/Familia-Ramon-002-4.jpg\" data-rel=\"lightbox-image-0\" data-rl_title=\"\" data-rl_caption=\"\" title=\"\"><img loading=\"lazy\" decoding=\"async\" width=\"1024\" height=\"684\" src=\"https:\/\/arturamon.com\/wp-content\/uploads\/2023\/10\/Familia-Ramon-002-4-1024x684.jpg\" alt=\"Tasadores Arte Barcelona y Peritaje Antig\u00fcedades\" class=\"wp-image-40969\" srcset=\"https:\/\/arturamon.com\/wp-content\/uploads\/2023\/10\/Familia-Ramon-002-4-1024x684.jpg 1024w, https:\/\/arturamon.com\/wp-content\/uploads\/2023\/10\/Familia-Ramon-002-4-300x200.jpg 300w, https:\/\/arturamon.com\/wp-content\/uploads\/2023\/10\/Familia-Ramon-002-4-768x513.jpg 768w, https:\/\/arturamon.com\/wp-content\/uploads\/2023\/10\/Familia-Ramon-002-4-1600x1069.jpg 1600w, https:\/\/arturamon.com\/wp-content\/uploads\/2023\/10\/Familia-Ramon-002-4-1536x1026.jpg 1536w, https:\/\/arturamon.com\/wp-content\/uploads\/2023\/10\/Familia-Ramon-002-4.jpg 1920w\" sizes=\"auto, (max-width: 1024px) 100vw, 1024px\" \/><\/a><\/figure>\n","protected":false},"excerpt":{"rendered":"<p>Artur Ramon Art ofrece un servicio de tasaciones y valoraciones de obras de arte. El proceso comienza a trav\u00e9s de fotograf\u00edas para verificar que la obra encaje en nuestra l\u00ednea. [&hellip;]<\/p>\n","protected":false},"author":1,"featured_media":42614,"parent":13318,"menu_order":2,"comment_status":"closed","ping_status":"closed","template":"","meta":{"_acf_changed":false,"footnotes":""},"class_list":["post-13315","page","type-page","status-publish","has-post-thumbnail","hentry"],"acf":[],"_links":{"self":[{"href":"https:\/\/arturamon.com\/es\/wp-json\/wp\/v2\/pages\/13315","targetHints":{"allow":["GET"]}}],"collection":[{"href":"https:\/\/arturamon.com\/es\/wp-json\/wp\/v2\/pages"}],"about":[{"href":"https:\/\/arturamon.com\/es\/wp-json\/wp\/v2\/types\/page"}],"author":[{"embeddable":true,"href":"https:\/\/arturamon.com\/es\/wp-json\/wp\/v2\/users\/1"}],"replies":[{"embeddable":true,"href":"https:\/\/arturamon.com\/es\/wp-json\/wp\/v2\/comments?post=13315"}],"version-history":[{"count":5,"href":"https:\/\/arturamon.com\/es\/wp-json\/wp\/v2\/pages\/13315\/revisions"}],"predecessor-version":[{"id":44567,"href":"https:\/\/arturamon.com\/es\/wp-json\/wp\/v2\/pages\/13315\/revisions\/44567"}],"up":[{"embeddable":true,"href":"https:\/\/arturamon.com\/es\/wp-json\/wp\/v2\/pages\/13318"}],"wp:featuredmedia":[{"embeddable":true,"href":"https:\/\/arturamon.com\/es\/wp-json\/wp\/v2\/media\/42614"}],"wp:attachment":[{"href":"https:\/\/arturamon.com\/es\/wp-json\/wp\/v2\/media?parent=13315"}],"curies":[{"name":"wp","href":"https:\/\/api.w.org\/{rel}","templated":true}]}}