{"id":13293,"date":"2017-02-15T13:38:02","date_gmt":"2017-02-15T12:38:02","guid":{"rendered":"https:\/\/nova.arturamon.com\/venuts\/"},"modified":"2021-12-27T12:54:10","modified_gmt":"2021-12-27T11:54:10","slug":"ventas","status":"publish","type":"page","link":"https:\/\/arturamon.com\/es\/anticuario\/vendes-destacades\/ventas\/","title":{"rendered":"Ventas"},"content":{"rendered":"<p><strong>Artur Ramon Art ha vendido piezas de arte a los mejores museos del mundo<\/strong>.<\/p>\n<p>En Espa\u00f1a,\u00a0<strong>hay obras de Artur Ramon Art en los mejores museos<\/strong>: el Museo Nacional d\u2019Art de Catalunya en Barcelona, el\u00a0<a href=\"https:\/\/www.museodelprado.es\/\" target=\"_blank\" rel=\"nofollow noopener noreferrer\">Museo del Prado<\/a>, el Centro de Arte Reina Sof\u00eda y la Biblioteca Nacional en Madrid, el Museo de San Pius V en Valencia y el Museo de Bellas Artes de Sevilla y Bilbao.<\/p>\n<p>En el extranjero,\u00a0<strong>Artur Ramon Art ha vendido en varios museos de fama internacional<\/strong>: el\u00a0<a href=\"http:\/\/www.louvre.fr\/\" target=\"_blank\" rel=\"nofollow noopener noreferrer\">Mus\u00e9e du Louvre<\/a>\u00a0de Par\u00eds, el British Museum de Londres, al LACMA de Los \u00c1ngeles, el Museum of Fine Arts de Boston y el Museo de Ottawa en Canad\u00e1, entre otros.<\/p>\n","protected":false},"excerpt":{"rendered":"<p>Artur Ramon Art ha vendido piezas de arte a los mejores museos del mundo. En Espa\u00f1a,\u00a0hay obras de Artur Ramon Art en los mejores museos: el Museo Nacional d\u2019Art de [&hellip;]<\/p>\n","protected":false},"author":1,"featured_media":0,"parent":40158,"menu_order":0,"comment_status":"closed","ping_status":"closed","template":"page-templates\/slider.php","meta":{"_acf_changed":false,"footnotes":""},"class_list":["post-13293","page","type-page","status-publish","hentry"],"acf":[],"_links":{"self":[{"href":"https:\/\/arturamon.com\/es\/wp-json\/wp\/v2\/pages\/13293","targetHints":{"allow":["GET"]}}],"collection":[{"href":"https:\/\/arturamon.com\/es\/wp-json\/wp\/v2\/pages"}],"about":[{"href":"https:\/\/arturamon.com\/es\/wp-json\/wp\/v2\/types\/page"}],"author":[{"embeddable":true,"href":"https:\/\/arturamon.com\/es\/wp-json\/wp\/v2\/users\/1"}],"replies":[{"embeddable":true,"href":"https:\/\/arturamon.com\/es\/wp-json\/wp\/v2\/comments?post=13293"}],"version-history":[{"count":0,"href":"https:\/\/arturamon.com\/es\/wp-json\/wp\/v2\/pages\/13293\/revisions"}],"up":[{"embeddable":true,"href":"https:\/\/arturamon.com\/es\/wp-json\/wp\/v2\/pages\/40158"}],"wp:attachment":[{"href":"https:\/\/arturamon.com\/es\/wp-json\/wp\/v2\/media?parent=13293"}],"curies":[{"name":"wp","href":"https:\/\/api.w.org\/{rel}","templated":true}]}}