{"id":13288,"date":"2017-02-18T16:24:22","date_gmt":"2017-02-18T15:24:22","guid":{"rendered":"https:\/\/nova.arturamon.com\/subirachs\/"},"modified":"2024-08-02T10:35:20","modified_gmt":"2024-08-02T08:35:20","slug":"subirachs","status":"publish","type":"page","link":"https:\/\/arturamon.com\/es\/galeria\/subirachs\/","title":{"rendered":"Subirachs"},"content":{"rendered":"\n<div class=\"wp-block-columns is-layout-flex wp-container-core-columns-is-layout-9d6595d7 wp-block-columns-is-layout-flex\">\n<div class=\"wp-block-column is-layout-flow wp-block-column-is-layout-flow\">\n<p>Desde 1974 Artur Ramon Art apoya y promociona la obra del escultor Josep Maria Subirachs, colaborando con el \u00abEspai Subirachs\u00bb dirigido por la hija del escultor. La galer\u00eda tiene una extensa colecci\u00f3n de piezas del artista: piezas \u00fanicas y seriadas de esculturas, dibujos, pinturas y obras graficas de diferentes \u00e9pocas.<\/p>\n\n\n\n<p><br>La mayor\u00eda de ellas son visibles, con cita previa, en nuestro espacio Subirachs en la calle Bellafila de Barcelona.<\/p>\n<\/div>\n<\/div>\n\n\n<div id=\"swiper-container-1\" class=\"swiper-container\"><ul class=\"child_page_row swiper-wrapper\"><li class=\"swiper-slide\" ><a href=\"https:\/\/arturamon.com\/es\/galeria\/subirachs\/esculturas\/\"><div class=\"child_page_thumb\"><img decoding=\"async\" src=\"https:\/\/arturamon.com\/wp-content\/uploads\/2017\/02\/Subirachs-escultura-bronce-sirena.jpg\" alt=\"\"><\/div><div class=\"child_page_name\">Esculturas<\/div><\/a><\/li><li class=\"swiper-slide\" ><a href=\"https:\/\/arturamon.com\/es\/galeria\/subirachs\/obra-grafica\/\"><div class=\"child_page_thumb\"><img decoding=\"async\" src=\"https:\/\/arturamon.com\/wp-content\/uploads\/2017\/02\/Subirachs-dibujo-china-sirena.jpg\" alt=\"\"><\/div><div class=\"child_page_name\">Dibujos<\/div><\/a><\/li><\/ul><\/div>\n","protected":false},"excerpt":{"rendered":"<p>Desde 1974 Artur Ramon Art apoya y promociona la obra del escultor Josep Maria Subirachs, colaborando con el \u00abEspai Subirachs\u00bb dirigido por la hija del escultor. La galer\u00eda tiene una [&hellip;]<\/p>\n","protected":false},"author":1,"featured_media":29208,"parent":40117,"menu_order":1,"comment_status":"closed","ping_status":"closed","template":"page-autor.php","meta":{"_acf_changed":false,"footnotes":""},"class_list":["post-13288","page","type-page","status-publish","has-post-thumbnail","hentry"],"acf":[],"_links":{"self":[{"href":"https:\/\/arturamon.com\/es\/wp-json\/wp\/v2\/pages\/13288","targetHints":{"allow":["GET"]}}],"collection":[{"href":"https:\/\/arturamon.com\/es\/wp-json\/wp\/v2\/pages"}],"about":[{"href":"https:\/\/arturamon.com\/es\/wp-json\/wp\/v2\/types\/page"}],"author":[{"embeddable":true,"href":"https:\/\/arturamon.com\/es\/wp-json\/wp\/v2\/users\/1"}],"replies":[{"embeddable":true,"href":"https:\/\/arturamon.com\/es\/wp-json\/wp\/v2\/comments?post=13288"}],"version-history":[{"count":7,"href":"https:\/\/arturamon.com\/es\/wp-json\/wp\/v2\/pages\/13288\/revisions"}],"predecessor-version":[{"id":41551,"href":"https:\/\/arturamon.com\/es\/wp-json\/wp\/v2\/pages\/13288\/revisions\/41551"}],"up":[{"embeddable":true,"href":"https:\/\/arturamon.com\/es\/wp-json\/wp\/v2\/pages\/40117"}],"wp:featuredmedia":[{"embeddable":true,"href":"https:\/\/arturamon.com\/es\/wp-json\/wp\/v2\/media\/29208"}],"wp:attachment":[{"href":"https:\/\/arturamon.com\/es\/wp-json\/wp\/v2\/media?parent=13288"}],"curies":[{"name":"wp","href":"https:\/\/api.w.org\/{rel}","templated":true}]}}