{"id":13243,"date":"2017-02-26T18:37:45","date_gmt":"2017-02-26T17:37:45","guid":{"rendered":"https:\/\/nova.arturamon.com\/historia\/"},"modified":"2025-10-31T12:59:47","modified_gmt":"2025-10-31T11:59:47","slug":"historia","status":"publish","type":"page","link":"https:\/\/arturamon.com\/es\/quienes-somos\/historia\/","title":{"rendered":"Historia"},"content":{"rendered":"\n<div class=\"wp-block-columns is-layout-flex wp-container-core-columns-is-layout-9d6595d7 wp-block-columns-is-layout-flex\">\n<div class=\"wp-block-column is-layout-flow wp-block-column-is-layout-flow\">\n<h2><em>La saga Artur Ramon se remonta a los inicios del siglo XX<\/em><\/h2>\n<p>El primer miembro de esta familia, <strong>Artur Ramon Vendrell<\/strong> (1876-1959), naci\u00f3 en Reus en el seno de una familia dedicada a la relojer\u00eda y la joyer\u00eda. Pronto se interes\u00f3 por el mundo de los <strong>objetos art\u00edsticos y de las antig\u00fcedades<\/strong>, traslad\u00e1ndose a Sitges motivado por el clima de bonanza econ\u00f3mica. Las \u00e1reas de actividad de la casa, conocida popularmente como el \u00abSaloncito Azul\u00bb, eran la venta de muebles, pinturas, porcelanas, cristales y colgaduras, y adem\u00e1s se dedicaba a organizar exposiciones.<\/p>\n<p>Unos a\u00f1os antes de la Guerra Civil, cuando ya el negocio sufrir\u00eda un paro temporal debido al conflicto, Artur Ramon Vendrell se traslad\u00f3 a Barcelona. En 1942, su hijo <strong>Artur Ramon Garriga<\/strong> abri\u00f3 la hist\u00f3rica tienda en la calle de la Palla 25, v\u00eda que en aquellos momentos era el centro neur\u00e1lgico barcelon\u00e9s del <strong>comercio de antig\u00fcedades<\/strong>.<\/p>\n<p>El sucesor, <strong>Artur Ramon Picas<\/strong>, se incorpor\u00f3 al negocio familiar en los a\u00f1os 60. \u00c9l introducir\u00e1 el concepto de galer\u00eda de manera plena despu\u00e9s de haber visitado Par\u00eds y haber visto las innovaciones que all\u00ed se daban los revolucionarios a\u00f1os 70. <strong>En 1973, se har\u00e1 la primera exposici\u00f3n en la galer\u00eda<\/strong>, que ser\u00e1 una muestra monogr\u00e1fica de Joaquim Sunyer.<\/p>\n<p>Despu\u00e9s seguir\u00e1n otros, apostando siempre por el arte catal\u00e1n de nueva factura, como es el caso de la <a href=\"https:\/\/arturamon.com\/es\/escultura-2\/\" target=\"_blank\" rel=\"noopener noreferrer\">escultura de Subirachs<\/a>, pero tambi\u00e9n con obras de Joaqu\u00edn Chancho, Torres-Garc\u00eda, Mariano Pidelaserra, Foix y Pon\u00e7. Artur Ramon Art, desde el 1974, apoya y promociona tambi\u00e9n la obra del escultor Josep Maria Subirachs (Barcelona, 1927-2014), a quien es dedicado el estudio en Calle Regomir.<\/p>\n<p>Hacia los a\u00f1os 80, aunque solo por unos a\u00f1os, Artur Ramon y el anticuario Manuel Trallero abrieron en la calle Consejo de Ciento un nuevo negocio paralelo a la tienda de antig\u00fcedades: la galer\u00eda Daedalus. En <strong>1986<\/strong>, el local de la calle de la Palla se amplia, dando origen a un <strong>nuevo concepto de tienda y galer\u00eda, dirigida por Jordi Umbert<\/strong> durante muchos a\u00f1os.<\/p>\n<p>Escoger\u00e1n una serie de temas y autores a los que mostrar\u00e1n fidelidad durante a\u00f1os, como por ejemplo Joan Mora, Pere Santilari y Josep Santilari. Dedicar\u00e1n esfuerzos a la reivindicaci\u00f3n de artistas catalanes como Manolo Hugu\u00e9, Xavier Nogu\u00e9s, Ram\u00f3n Pichot, Xavier Gos\u00e9, Pere Torn\u00e9 Esquius, Ramon Rogent y Mariano Fortuny. Una de sus caracter\u00edsticas ser\u00e1 la valoraci\u00f3n de la obra gr\u00e1fica de artistas tan preciados como Giovanni Battista Piranesi.<\/p>\n<p><strong>Artur y M\u00f3nica Ramon Navarro<\/strong>, hijos de Artur Ramon Picas, se unen a la actividad familiar a mediados de los a\u00f1os 80, aportando sus ideas innovadoras y con una clara idea de aperturismo hacia nuevas tendencias y nuevos mercados.<\/p>\n<p>En el a\u00f1o 2000, el negocio familiar se ampl\u00eda durante siete a\u00f1os con un local en la misma calle dedicado al arte contempor\u00e1neo.<\/p>\n<p>A la hora de tomar el relevo generacional de la empresa, uno de los hitos principales de Artur Ramon Navarro fue el de <strong>internacionalizar la marca familiar <\/strong>haci\u00e9ndola presente en dos de las ferias de arte m\u00e1s importantes a nivel europeo: <a href=\"http:\/\/www.salondudessin.com\/\" target=\"_blank\" rel=\"nofollow noopener noreferrer\"><strong>Le Salon du Dessin<\/strong><\/a><strong> de Par\u00eds<\/strong> (a partir de 2009) y la <a href=\"https:\/\/www.tefaf.com\/\" target=\"_blank\" rel=\"nofollow noopener noreferrer\"><strong>TEFAF de Maastricht<\/strong><\/a> \u00a0(desde 2010, Artur Ramon Art ser\u00e1 el primer expositor catal\u00e1n con s\u00f3lo tres expositores del territorio espa\u00f1ol). La preparaci\u00f3n de estas ferias es un gran desaf\u00edo para todo el equipo. Es la tarea de encontrar y elegir las mejores piezas, estudiarlas y prepararlas para su exposici\u00f3n.<\/p>\n<p>Detr\u00e1s del trabajo de Artur Ramon Art hay un sentido, un trabajo que se desarrolla incansablemente y con una direcci\u00f3n muy clara: <strong>promover la cultura e incentivar el coleccionismo,<\/strong> tanto a nivel p\u00fablico como privado. Su tarea como galer\u00eda perdura en el tiempo y se complementa con la de edici\u00f3n de libros y cat\u00e1logos, a veces con factura exquisita, otros con el encanto de la sencillez.<\/p>\n<\/div>\n<\/div>\n","protected":false},"excerpt":{"rendered":"<p>La saga Artur Ramon se remonta a los inicios del siglo XX El primer miembro de esta familia, Artur Ramon Vendrell (1876-1959), naci\u00f3 en Reus en el seno de una [&hellip;]<\/p>\n","protected":false},"author":1,"featured_media":40981,"parent":13318,"menu_order":4,"comment_status":"closed","ping_status":"closed","template":"","meta":{"_acf_changed":false,"footnotes":""},"class_list":["post-13243","page","type-page","status-publish","has-post-thumbnail","hentry"],"acf":[],"_links":{"self":[{"href":"https:\/\/arturamon.com\/es\/wp-json\/wp\/v2\/pages\/13243","targetHints":{"allow":["GET"]}}],"collection":[{"href":"https:\/\/arturamon.com\/es\/wp-json\/wp\/v2\/pages"}],"about":[{"href":"https:\/\/arturamon.com\/es\/wp-json\/wp\/v2\/types\/page"}],"author":[{"embeddable":true,"href":"https:\/\/arturamon.com\/es\/wp-json\/wp\/v2\/users\/1"}],"replies":[{"embeddable":true,"href":"https:\/\/arturamon.com\/es\/wp-json\/wp\/v2\/comments?post=13243"}],"version-history":[{"count":6,"href":"https:\/\/arturamon.com\/es\/wp-json\/wp\/v2\/pages\/13243\/revisions"}],"predecessor-version":[{"id":48201,"href":"https:\/\/arturamon.com\/es\/wp-json\/wp\/v2\/pages\/13243\/revisions\/48201"}],"up":[{"embeddable":true,"href":"https:\/\/arturamon.com\/es\/wp-json\/wp\/v2\/pages\/13318"}],"wp:featuredmedia":[{"embeddable":true,"href":"https:\/\/arturamon.com\/es\/wp-json\/wp\/v2\/media\/40981"}],"wp:attachment":[{"href":"https:\/\/arturamon.com\/es\/wp-json\/wp\/v2\/media?parent=13243"}],"curies":[{"name":"wp","href":"https:\/\/api.w.org\/{rel}","templated":true}]}}